{"id":286,"date":"2025-10-05T23:15:38","date_gmt":"2025-10-05T21:15:38","guid":{"rendered":"https:\/\/lorennarealestate.com\/?page_id=286"},"modified":"2026-04-06T10:16:47","modified_gmt":"2026-04-06T08:16:47","slug":"sobre-nosotros","status":"publish","type":"page","link":"https:\/\/lorennarealestate.com\/en\/sobre-nosotros\/","title":{"rendered":"About us"},"content":{"rendered":"<div data-elementor-type=\"wp-page\" data-elementor-id=\"286\" class=\"elementor elementor-286\" data-elementor-post-type=\"page\">\n\t\t\t\t<div class=\"elementor-element elementor-element-f04a336 e-flex e-con-boxed e-con e-parent\" data-id=\"f04a336\" data-element_type=\"container\" data-e-type=\"container\" data-settings=\"{&quot;background_background&quot;:&quot;gradient&quot;}\">\n\t\t\t\t\t<div class=\"e-con-inner\">\n\t\t<div class=\"elementor-element elementor-element-f55d414 e-con-full e-flex e-con e-child\" data-id=\"f55d414\" data-element_type=\"container\" data-e-type=\"container\">\n\t\t\t\t<\/div>\n\t\t<div class=\"elementor-element elementor-element-21ab4bb e-con-full e-flex e-con e-child\" data-id=\"21ab4bb\" data-element_type=\"container\" data-e-type=\"container\">\n\t\t\t\t<div class=\"elementor-element elementor-element-9ac02d6 elementor-widget elementor-widget-woocommerce-breadcrumb\" data-id=\"9ac02d6\" data-element_type=\"widget\" data-e-type=\"widget\" data-widget_type=\"woocommerce-breadcrumb.default\">\n\t\t\t\t\t<nav class=\"woocommerce-breadcrumb\" aria-label=\"Breadcrumb\" data-no-translation=\"\" data-trp-gettext=\"\">Home<\/nav>\t\t\t\t<\/div>\n\t\t\t\t<\/div>\n\t\t\t\t\t<\/div>\n\t\t\t\t<\/div>\n\t\t<div class=\"elementor-element elementor-element-057a318 e-con-full e-flex elementor-invisible e-con e-parent\" data-id=\"057a318\" data-element_type=\"container\" data-e-type=\"container\" data-settings=\"{&quot;animation&quot;:&quot;zoomIn&quot;}\">\n\t\t<div class=\"elementor-element elementor-element-ee769cf e-con-full e-flex e-con e-child\" data-id=\"ee769cf\" data-element_type=\"container\" data-e-type=\"container\">\n\t\t\t\t<\/div>\n\t\t<div class=\"elementor-element elementor-element-97d917c e-con-full e-flex e-con e-child\" data-id=\"97d917c\" data-element_type=\"container\" data-e-type=\"container\">\n\t\t\t\t<div class=\"elementor-element elementor-element-4723e3f elementor-widget elementor-widget-heading\" data-id=\"4723e3f\" data-element_type=\"widget\" data-e-type=\"widget\" data-widget_type=\"heading.default\">\n\t\t\t\t\t<h2 class=\"elementor-heading-title elementor-size-default\">General manager<\/h2>\t\t\t\t<\/div>\n\t\t\t\t<div class=\"elementor-element elementor-element-332f1c1 elementor-widget elementor-widget-luxus-team\" data-id=\"332f1c1\" data-element_type=\"widget\" data-e-type=\"widget\" data-widget_type=\"luxus-team.default\">\n\t\t\t\t<div class=\"elementor-widget-container\">\n\t\t\t\t\t\t\t<div class=\"sl-team-container\">\n\t\t\n\t\t\r\n<div class=\"sl-team team-two\">\r\n    <img decoding=\"async\" src=\"https:\/\/lorennarealestate.com\/wp-content\/uploads\/2025\/09\/unnamed.jpg\" alt=\"Lorenna Rivera\">    <div class=\"info social_icons_on\">\r\n                <h2 class=\"name\">Lorenna Rivera<\/h2>\r\n                <p class=\"possition\">Realtor &amp; Lawyer<\/p>\r\n                    <div class=\"social\">\r\n                <ul>\r\n                \r\n                        <li>\r\n                            <a class=\"social-link\" href=\"https:\/\/www.facebook.com\/Lorennarealestate\/\" target=\"_blank\">                                <span class=\"elementor-screen-only\">Facebook-f<\/span>\r\n                                <svg class=\"e-font-icon-svg e-fab-facebook-f\" viewbox=\"0 0 320 512\" xmlns=\"http:\/\/www.w3.org\/2000\/svg\"><path d=\"M279.14 288l14.22-92.66h-88.91v-60.13c0-25.35 12.42-50.06 52.24-50.06h40.42V6.26S260.43 0 225.36 0c-73.22 0-121.08 44.38-121.08 124.72v70.62H22.89V288h81.39v224h100.17V288z\"><\/path><\/svg><\/a>                        <\/li>\r\n                \r\n                        <li>\r\n                            <a class=\"social-link\" href=\"https:\/\/www.instagram.com\/lorenna.realestate\/\" target=\"_blank\">                                <span class=\"elementor-screen-only\">Instagram<\/span>\r\n                                <svg class=\"e-font-icon-svg e-fab-instagram\" viewbox=\"0 0 448 512\" xmlns=\"http:\/\/www.w3.org\/2000\/svg\"><path d=\"M224.1 141c-63.6 0-114.9 51.3-114.9 114.9s51.3 114.9 114.9 114.9S339 319.5 339 255.9 287.7 141 224.1 141zm0 189.6c-41.1 0-74.7-33.5-74.7-74.7s33.5-74.7 74.7-74.7 74.7 33.5 74.7 74.7-33.6 74.7-74.7 74.7zm146.4-194.3c0 14.9-12 26.8-26.8 26.8-14.9 0-26.8-12-26.8-26.8s12-26.8 26.8-26.8 26.8 12 26.8 26.8zm76.1 27.2c-1.7-35.9-9.9-67.7-36.2-93.9-26.2-26.2-58-34.4-93.9-36.2-37-2.1-147.9-2.1-184.9 0-35.8 1.7-67.6 9.9-93.9 36.1s-34.4 58-36.2 93.9c-2.1 37-2.1 147.9 0 184.9 1.7 35.9 9.9 67.7 36.2 93.9s58 34.4 93.9 36.2c37 2.1 147.9 2.1 184.9 0 35.9-1.7 67.7-9.9 93.9-36.2 26.2-26.2 34.4-58 36.2-93.9 2.1-37 2.1-147.8 0-184.8zM398.8 388c-7.8 19.6-22.9 34.7-42.6 42.6-29.5 11.7-99.5 9-132.1 9s-102.7 2.6-132.1-9c-19.6-7.8-34.7-22.9-42.6-42.6-11.7-29.5-9-99.5-9-132.1s-2.6-102.7 9-132.1c7.8-19.6 22.9-34.7 42.6-42.6 29.5-11.7 99.5-9 132.1-9s102.7-2.6 132.1 9c19.6 7.8 34.7 22.9 42.6 42.6 11.7 29.5 9 99.5 9 132.1s2.7 102.7-9 132.1z\"><\/path><\/svg><\/a>                        <\/li>\r\n                \r\n                        <li>\r\n                            <a class=\"social-link\" href=\"https:\/\/www.linkedin.com\/company\/lorenna-real-estate-panama%20\" target=\"_blank\">                                <span class=\"elementor-screen-only\">Linkedin<\/span>\r\n                                <svg class=\"e-font-icon-svg e-fab-linkedin\" viewbox=\"0 0 448 512\" xmlns=\"http:\/\/www.w3.org\/2000\/svg\"><path d=\"M416 32H31.9C14.3 32 0 46.5 0 64.3v383.4C0 465.5 14.3 480 31.9 480H416c17.6 0 32-14.5 32-32.3V64.3c0-17.8-14.4-32.3-32-32.3zM135.4 416H69V202.2h66.5V416zm-33.2-243c-21.3 0-38.5-17.3-38.5-38.5S80.9 96 102.2 96c21.2 0 38.5 17.3 38.5 38.5 0 21.3-17.2 38.5-38.5 38.5zm282.1 243h-66.4V312c0-24.8-.5-56.7-34.5-56.7-34.6 0-39.9 27-39.9 54.9V416h-66.4V202.2h63.7v29.2h.9c8.9-16.8 30.6-34.5 62.9-34.5 67.2 0 79.7 44.3 79.7 101.9V416z\"><\/path><\/svg><\/a>                        <\/li>\r\n                                <\/ul>\r\n            <\/div>\r\n            <\/div>\r\n<\/div>\n\t\t<\/div>\n\t\t\t\t\t<\/div>\n\t\t\t\t<\/div>\n\t\t\t\t<\/div>\n\t\t<div class=\"elementor-element elementor-element-22e080e e-con-full e-flex e-con e-child\" data-id=\"22e080e\" data-element_type=\"container\" data-e-type=\"container\">\n\t\t\t\t<\/div>\n\t\t\t\t<\/div>\n\t\t<div class=\"elementor-element elementor-element-f883800 e-flex e-con-boxed elementor-invisible e-con e-parent\" data-id=\"f883800\" data-element_type=\"container\" data-e-type=\"container\" data-settings=\"{&quot;background_background&quot;:&quot;classic&quot;,&quot;animation&quot;:&quot;slideInRight&quot;}\">\n\t\t\t\t\t<div class=\"e-con-inner\">\n\t\t<div class=\"elementor-element elementor-element-adbdf0c e-con-full e-flex e-con e-child\" data-id=\"adbdf0c\" data-element_type=\"container\" data-e-type=\"container\">\n\t\t\t\t<div class=\"elementor-element elementor-element-6e1effa elementor-widget elementor-widget-heading\" data-id=\"6e1effa\" data-element_type=\"widget\" data-e-type=\"widget\" data-widget_type=\"heading.default\">\n\t\t\t\t\t<h2 class=\"elementor-heading-title elementor-size-default\">Mission<\/h2>\t\t\t\t<\/div>\n\t\t\t\t<div class=\"elementor-element elementor-element-5f91c34 elementor-widget elementor-widget-text-editor\" data-id=\"5f91c34\" data-element_type=\"widget\" data-e-type=\"widget\" data-widget_type=\"text-editor.default\">\n\t\t\t\t\t\t\t\t\t<p style=\"text-align: right;\">To facilitate and secure every real estate transaction for our clients, providing a comprehensive solution that combines expert real estate advice with specialized legal services. We are committed to achieving optimal results with transparency, diligence, and the highest level of professional ethics.<\/p>\t\t\t\t\t\t\t\t<\/div>\n\t\t\t\t<\/div>\n\t\t<div class=\"elementor-element elementor-element-b443389 e-con-full e-flex e-con e-child\" data-id=\"b443389\" data-element_type=\"container\" data-e-type=\"container\">\n\t\t\t\t<\/div>\n\t\t\t\t\t<\/div>\n\t\t\t\t<\/div>\n\t\t<div class=\"elementor-element elementor-element-89cb897 e-flex e-con-boxed elementor-invisible e-con e-parent\" data-id=\"89cb897\" data-element_type=\"container\" data-e-type=\"container\" data-settings=\"{&quot;background_background&quot;:&quot;classic&quot;,&quot;animation&quot;:&quot;slideInLeft&quot;}\">\n\t\t\t\t\t<div class=\"e-con-inner\">\n\t\t<div class=\"elementor-element elementor-element-52e9cd8 e-con-full e-flex e-con e-child\" data-id=\"52e9cd8\" data-element_type=\"container\" data-e-type=\"container\">\n\t\t\t\t<\/div>\n\t\t<div class=\"elementor-element elementor-element-7341165 e-con-full e-flex e-con e-child\" data-id=\"7341165\" data-element_type=\"container\" data-e-type=\"container\">\n\t\t<div class=\"elementor-element elementor-element-49f2619 e-con-full e-flex e-con e-child\" data-id=\"49f2619\" data-element_type=\"container\" data-e-type=\"container\">\n\t\t\t\t<div class=\"elementor-element elementor-element-d6e95a9 elementor-widget elementor-widget-heading\" data-id=\"d6e95a9\" data-element_type=\"widget\" data-e-type=\"widget\" data-widget_type=\"heading.default\">\n\t\t\t\t\t<h2 class=\"elementor-heading-title elementor-size-default\">Vision<\/h2>\t\t\t\t<\/div>\n\t\t\t\t<\/div>\n\t\t<div class=\"elementor-element elementor-element-1e9c780 e-con-full e-flex e-con e-child\" data-id=\"1e9c780\" data-element_type=\"container\" data-e-type=\"container\">\n\t\t\t\t<div class=\"elementor-element elementor-element-77cb991 elementor-widget elementor-widget-text-editor\" data-id=\"77cb991\" data-element_type=\"widget\" data-e-type=\"widget\" data-widget_type=\"text-editor.default\">\n\t\t\t\t\t\t\t\t\t<p style=\"text-align: left;\">To be recognized as the gold standard for successful real estate investment and transactions. Our vision is to redefine the buying and selling process by ensuring security, transparency, and maximum profitability in every transaction, establishing ourselves as the leading facilitator that transforms market challenges into lasting wealth opportunities for our clients.<\/p>\t\t\t\t\t\t\t\t<\/div>\n\t\t\t\t<\/div>\n\t\t\t\t<\/div>\n\t\t\t\t\t<\/div>\n\t\t\t\t<\/div>\n\t\t<div class=\"elementor-element elementor-element-6f49f4b e-flex e-con-boxed elementor-invisible e-con e-parent\" data-id=\"6f49f4b\" data-element_type=\"container\" data-e-type=\"container\" data-settings=\"{&quot;animation&quot;:&quot;slideInUp&quot;}\">\n\t\t\t\t\t<div class=\"e-con-inner\">\n\t\t<div class=\"elementor-element elementor-element-1db6b2e e-con-full e-flex e-con e-child\" data-id=\"1db6b2e\" data-element_type=\"container\" data-e-type=\"container\">\n\t\t\t\t<div class=\"elementor-element elementor-element-38c3ebe elementor-widget elementor-widget-luxus-info-box\" data-id=\"38c3ebe\" data-element_type=\"widget\" data-e-type=\"widget\" data-widget_type=\"luxus-info-box.default\">\n\t\t\t\t<div class=\"elementor-widget-container\">\n\t\t\t\t\t\t\t\t<div class=\"sl-info-box-container\">\n\t\t\t\n<div class=\"sl-info-box info-box-two\">\n    <div class=\"infobox-overlay\"><a href=\"https:\/\/wa.me\/50766793679\"><\/a><\/div>    <h5 class=\"title\">Tel\u00e9fono<\/h5>\n    <p class=\"text\">+507 6679-3679\n<\/p>\n    <div class=\"icon\"><i aria-hidden=\"true\" class=\"sl-icons sl-location\"><\/i><\/div><\/div>\t\t\t<\/div>\n    \t\t\t\t\t<\/div>\n\t\t\t\t<\/div>\n\t\t\t\t<\/div>\n\t\t<div class=\"elementor-element elementor-element-0b9e32e e-con-full e-flex e-con e-child\" data-id=\"0b9e32e\" data-element_type=\"container\" data-e-type=\"container\">\n\t\t\t\t<div class=\"elementor-element elementor-element-3253e21 elementor-widget elementor-widget-luxus-info-box\" data-id=\"3253e21\" data-element_type=\"widget\" data-e-type=\"widget\" data-widget_type=\"luxus-info-box.default\">\n\t\t\t\t<div class=\"elementor-widget-container\">\n\t\t\t\t\t\t\t\t<div class=\"sl-info-box-container\">\n\t\t\t\n<div class=\"sl-info-box info-box-two\">\n        <h5 class=\"title\">Our Office<\/h5>\n    <p class=\"text\">Panam\u00e1, Ciudad de Panam\u00e1,  San Francisco, Oceania Business Center, Torre 1000, Piso 49<\/p>\n    <div class=\"icon\"><i aria-hidden=\"true\" class=\"sl-icons sl-phone\"><\/i><\/div><\/div>\t\t\t<\/div>\n    \t\t\t\t\t<\/div>\n\t\t\t\t<\/div>\n\t\t\t\t<\/div>\n\t\t<div class=\"elementor-element elementor-element-525bdc6 e-con-full e-flex e-con e-child\" data-id=\"525bdc6\" data-element_type=\"container\" data-e-type=\"container\">\n\t\t\t\t<div class=\"elementor-element elementor-element-eaf8759 elementor-widget elementor-widget-luxus-info-box\" data-id=\"eaf8759\" data-element_type=\"widget\" data-e-type=\"widget\" data-widget_type=\"luxus-info-box.default\">\n\t\t\t\t<div class=\"elementor-widget-container\">\n\t\t\t\t\t\t\t\t<div class=\"sl-info-box-container\">\n\t\t\t\n<div class=\"sl-info-box info-box-two\">\n    <div class=\"infobox-overlay\"><a href=\"mailto:info@lorennarealestate.com\"><\/a><\/div>    <h5 class=\"title\">Correo<\/h5>\n    <p class=\"text\">info@lorennarealestate.com<\/p>\n    <div class=\"icon\"><i aria-hidden=\"true\" class=\"sl-icons sl-mail\"><\/i><\/div><\/div>\t\t\t<\/div>\n    \t\t\t\t\t<\/div>\n\t\t\t\t<\/div>\n\t\t\t\t<\/div>\n\t\t\t\t\t<\/div>\n\t\t\t\t<\/div>\n\t\t<div class=\"elementor-element elementor-element-d2b0062 e-flex e-con-boxed elementor-invisible e-con e-parent\" data-id=\"d2b0062\" data-element_type=\"container\" data-e-type=\"container\" data-settings=\"{&quot;animation&quot;:&quot;slideInUp&quot;}\">\n\t\t\t\t\t<div class=\"e-con-inner\">\n\t\t\t\t<div class=\"elementor-element elementor-element-514755f elementor-widget elementor-widget-google_maps\" data-id=\"514755f\" data-element_type=\"widget\" data-e-type=\"widget\" data-widget_type=\"google_maps.default\">\n\t\t\t\t\t\t\t<div class=\"elementor-custom-embed\">\n\t\t\t<iframe loading=\"lazy\"\n\t\t\t\t\tsrc=\"https:\/\/maps.google.com\/maps?q=Oceania%20Business%20Center%2C%20San%20Francisco%2C%20Ciudad%20de%20Panam%C3%A1%2C%20Panam%C3%A1&#038;t=m&#038;z=16&#038;output=embed&#038;iwloc=near\"\n\t\t\t\t\ttitle=\"Oceania Business Center, San Francisco, Ciudad de Panam\u00e1, Panam\u00e1\"\n\t\t\t\t\taria-label=\"Oceania Business Center, San Francisco, Ciudad de Panam\u00e1, Panam\u00e1\"\n\t\t\t><\/iframe>\n\t\t<\/div>\n\t\t\t\t\t\t<\/div>\n\t\t\t\t\t<\/div>\n\t\t\t\t<\/div>\n\t\t<div class=\"elementor-element elementor-element-05b4d66 e-flex e-con-boxed e-con e-parent\" data-id=\"05b4d66\" data-element_type=\"container\" data-e-type=\"container\">\n\t\t\t\t\t<div class=\"e-con-inner\">\n\t\t<div class=\"elementor-element elementor-element-bf3beff e-con-full e-flex e-con e-child\" data-id=\"bf3beff\" data-element_type=\"container\" data-e-type=\"container\">\n\t\t\t\t<\/div>\n\t\t<div class=\"elementor-element elementor-element-ed6ff3c e-con-full e-flex e-con e-child\" data-id=\"ed6ff3c\" data-element_type=\"container\" data-e-type=\"container\">\n\t\t\t\t<\/div>\n\t\t<div class=\"elementor-element elementor-element-46de9b5 e-con-full e-flex e-con e-child\" data-id=\"46de9b5\" data-element_type=\"container\" data-e-type=\"container\">\n\t\t\t\t<\/div>\n\t\t\t\t\t<\/div>\n\t\t\t\t<\/div>\n\t\t\t\t<\/div>","protected":false},"excerpt":{"rendered":"<p>Gerente General Lorenna Rivera Realtor &amp; Lawyer Facebook-f Instagram Linkedin Misi\u00f3n Facilitar y asegurar cada transacci\u00f3n inmobiliaria para nuestros clientes, proporcionando una soluci\u00f3n integral que combina asesoramiento experto en bienes ra\u00edces con servicios legales especializados. Nos comprometemos a lograr resultados \u00f3ptimos con transparencia, diligencia y el m\u00e1s alto nivel de \u00e9tica profesional. Visi\u00f3n Ser reconocidos [&hellip;]<\/p>\n","protected":false},"author":1,"featured_media":0,"parent":0,"menu_order":0,"comment_status":"closed","ping_status":"closed","template":"elementor_header_footer","meta":{"footnotes":""},"class_list":["post-286","page","type-page","status-publish","hentry"],"_hostinger_reach_plugin_has_subscription_block":false,"_hostinger_reach_plugin_is_elementor":false,"_links":{"self":[{"href":"https:\/\/lorennarealestate.com\/en\/wp-json\/wp\/v2\/pages\/286","targetHints":{"allow":["GET"]}}],"collection":[{"href":"https:\/\/lorennarealestate.com\/en\/wp-json\/wp\/v2\/pages"}],"about":[{"href":"https:\/\/lorennarealestate.com\/en\/wp-json\/wp\/v2\/types\/page"}],"author":[{"embeddable":true,"href":"https:\/\/lorennarealestate.com\/en\/wp-json\/wp\/v2\/users\/1"}],"replies":[{"embeddable":true,"href":"https:\/\/lorennarealestate.com\/en\/wp-json\/wp\/v2\/comments?post=286"}],"version-history":[{"count":59,"href":"https:\/\/lorennarealestate.com\/en\/wp-json\/wp\/v2\/pages\/286\/revisions"}],"predecessor-version":[{"id":8114,"href":"https:\/\/lorennarealestate.com\/en\/wp-json\/wp\/v2\/pages\/286\/revisions\/8114"}],"wp:attachment":[{"href":"https:\/\/lorennarealestate.com\/en\/wp-json\/wp\/v2\/media?parent=286"}],"curies":[{"name":"wp","href":"https:\/\/api.w.org\/{rel}","templated":true}]}}