{"id":331,"date":"2025-10-06T03:32:35","date_gmt":"2025-10-06T01:32:35","guid":{"rendered":"https:\/\/lorennarealestate.com\/?page_id=331"},"modified":"2025-10-23T00:53:19","modified_gmt":"2025-10-22T22:53:19","slug":"por-que-panama","status":"publish","type":"page","link":"https:\/\/lorennarealestate.com\/en\/por-que-panama\/","title":{"rendered":"\u00bfPor qu\u00e9 Panam\u00e1?"},"content":{"rendered":"<div data-elementor-type=\"wp-page\" data-elementor-id=\"331\" class=\"elementor elementor-331\" data-elementor-post-type=\"page\">\n\t\t\t\t<div class=\"elementor-element elementor-element-1cb484e e-flex e-con-boxed e-con e-parent\" data-id=\"1cb484e\" data-element_type=\"container\" data-e-type=\"container\">\n\t\t\t\t\t<div class=\"e-con-inner\">\n\t\t<div class=\"elementor-element elementor-element-5e67760 e-con-full e-flex e-con e-child\" data-id=\"5e67760\" data-element_type=\"container\" data-e-type=\"container\">\n\t\t\t\t<div class=\"elementor-element elementor-element-657d75c elementor-widget elementor-widget-heading\" data-id=\"657d75c\" data-element_type=\"widget\" data-e-type=\"widget\" data-widget_type=\"heading.default\">\n\t\t\t\t\t<h2 class=\"elementor-heading-title elementor-size-default\">La Inversi\u00f3n Inmobiliaria Inteligente Comienza Aqu\u00ed<\/h2>\t\t\t\t<\/div>\n\t\t\t\t<\/div>\n\t\t<div class=\"elementor-element elementor-element-e94907f e-con-full e-flex e-con e-child\" data-id=\"e94907f\" data-element_type=\"container\" data-e-type=\"container\">\n\t\t\t\t<div class=\"elementor-element elementor-element-3a6ca12 elementor-widget elementor-widget-video\" data-id=\"3a6ca12\" data-element_type=\"widget\" data-e-type=\"widget\" data-settings=\"{&quot;youtube_url&quot;:&quot;https:\\\/\\\/www.youtube.com\\\/watch?v=XHOmBV4js_E&quot;,&quot;video_type&quot;:&quot;youtube&quot;,&quot;controls&quot;:&quot;yes&quot;}\" data-widget_type=\"video.default\">\n\t\t\t\t\t\t\t<div class=\"elementor-wrapper elementor-open-inline\">\n\t\t\t<div class=\"elementor-video\"><\/div>\t\t<\/div>\n\t\t\t\t\t\t<\/div>\n\t\t\t\t<\/div>\n\t\t<div class=\"elementor-element elementor-element-9656b07 e-con-full e-flex e-con e-child\" data-id=\"9656b07\" data-element_type=\"container\" data-e-type=\"container\">\n\t\t\t\t<div class=\"elementor-element elementor-element-f709129 elementor-widget elementor-widget-text-editor\" data-id=\"f709129\" data-element_type=\"widget\" data-e-type=\"widget\" data-widget_type=\"text-editor.default\">\n\t\t\t\t\t\t\t\t\t<p>Panam\u00e1 se ha consolidado como la joya de la corona para la <b>inversi\u00f3n en bienes ra\u00edces<\/b> en Am\u00e9rica Latina. Para el <b>inversor extranjero<\/b> que busca rentabilidad y seguridad legal, el pa\u00eds ofrece una combinaci\u00f3n inigualable de estabilidad econ\u00f3mica, incentivos fiscales y un proceso migratorio favorable.<\/p><p>Aqu\u00ed est\u00e1n las razones clave por las que Panam\u00e1 es la mejor decisi\u00f3n para su pr\u00f3ximo proyecto inmobiliario.<\/p>\t\t\t\t\t\t\t\t<\/div>\n\t\t\t\t<\/div>\n\t\t\t\t\t<\/div>\n\t\t\t\t<\/div>\n\t\t<div class=\"elementor-element elementor-element-b048e0d e-flex e-con-boxed e-con e-parent\" data-id=\"b048e0d\" data-element_type=\"container\" data-e-type=\"container\" data-settings=\"{&quot;background_background&quot;:&quot;classic&quot;}\">\n\t\t\t\t\t<div class=\"e-con-inner\">\n\t\t<div class=\"elementor-element elementor-element-efaf079 e-con-full e-flex e-con e-child\" data-id=\"efaf079\" data-element_type=\"container\" data-e-type=\"container\">\n\t\t\t\t<\/div>\n\t\t<div class=\"elementor-element elementor-element-b0b1f07 e-con-full e-flex e-con e-child\" data-id=\"b0b1f07\" data-element_type=\"container\" data-e-type=\"container\">\n\t\t<div class=\"elementor-element elementor-element-ae312e9 e-con-full e-flex e-con e-child\" data-id=\"ae312e9\" data-element_type=\"container\" data-e-type=\"container\">\n\t\t\t\t<div class=\"elementor-element elementor-element-39f282f elementor-widget elementor-widget-heading\" data-id=\"39f282f\" data-element_type=\"widget\" data-e-type=\"widget\" data-widget_type=\"heading.default\">\n\t\t\t\t\t<h2 class=\"elementor-heading-title elementor-size-default\">Mejores Lugares para vivir en Panam\u00e1<\/h2>\t\t\t\t<\/div>\n\t\t\t\t<\/div>\n\t\t\t\t<div class=\"elementor-element elementor-element-48705fb elementor-skin-carousel elementor-arrows-yes elementor-pagination-type-bullets elementor-pagination-position-outside elementor-widget elementor-widget-media-carousel\" data-id=\"48705fb\" data-element_type=\"widget\" data-e-type=\"widget\" data-settings=\"{&quot;skin&quot;:&quot;carousel&quot;,&quot;effect&quot;:&quot;slide&quot;,&quot;show_arrows&quot;:&quot;yes&quot;,&quot;pagination&quot;:&quot;bullets&quot;,&quot;speed&quot;:500,&quot;autoplay&quot;:&quot;yes&quot;,&quot;autoplay_speed&quot;:5000,&quot;loop&quot;:&quot;yes&quot;,&quot;pause_on_hover&quot;:&quot;yes&quot;,&quot;pause_on_interaction&quot;:&quot;yes&quot;,&quot;space_between&quot;:{&quot;unit&quot;:&quot;px&quot;,&quot;size&quot;:10,&quot;sizes&quot;:[]},&quot;space_between_tablet&quot;:{&quot;unit&quot;:&quot;px&quot;,&quot;size&quot;:10,&quot;sizes&quot;:[]},&quot;space_between_mobile&quot;:{&quot;unit&quot;:&quot;px&quot;,&quot;size&quot;:10,&quot;sizes&quot;:[]}}\" data-widget_type=\"media-carousel.default\">\n\t\t\t\t\t\t\t\t\t\t<div class=\"elementor-main-swiper swiper\" role=\"region\" aria-roledescription=\"carousel\" aria-label=\"Slides\">\n\t\t\t\t<div class=\"swiper-wrapper\">\n\t\t\t\t\t\t\t\t\t\t\t<div class=\"swiper-slide\" role=\"group\" aria-roledescription=\"slide\">\n\t\t\t\t\t\t\t\t\t<div class=\"elementor-carousel-image\" role=\"img\" aria-label=\"\" style=\"background-image: url(&#039;https:\/\/lorennarealestate.com\/wp-content\/plugins\/elementor\/assets\/images\/placeholder.png&#039;)\">\n\n\t\t\t\n\t\t\t\t\t<\/div>\n\t\t\t\t\t\t\t\t<\/div>\n\t\t\t\t\t\t\t\t\t\t\t<div class=\"swiper-slide\" role=\"group\" aria-roledescription=\"slide\">\n\t\t\t\t\t\t\t\t\t<div class=\"elementor-carousel-image\" role=\"img\" aria-label=\"\" style=\"background-image: url(&#039;https:\/\/lorennarealestate.com\/wp-content\/plugins\/elementor\/assets\/images\/placeholder.png&#039;)\">\n\n\t\t\t\n\t\t\t\t\t<\/div>\n\t\t\t\t\t\t\t\t<\/div>\n\t\t\t\t\t\t\t\t\t\t\t<div class=\"swiper-slide\" role=\"group\" aria-roledescription=\"slide\">\n\t\t\t\t\t\t\t\t\t<div class=\"elementor-carousel-image\" role=\"img\" aria-label=\"\" style=\"background-image: url(&#039;https:\/\/lorennarealestate.com\/wp-content\/plugins\/elementor\/assets\/images\/placeholder.png&#039;)\">\n\n\t\t\t\n\t\t\t\t\t<\/div>\n\t\t\t\t\t\t\t\t<\/div>\n\t\t\t\t\t\t\t\t\t\t\t<div class=\"swiper-slide\" role=\"group\" aria-roledescription=\"slide\">\n\t\t\t\t\t\t\t\t\t<div class=\"elementor-carousel-image\" role=\"img\" aria-label=\"\" style=\"background-image: url(&#039;https:\/\/lorennarealestate.com\/wp-content\/plugins\/elementor\/assets\/images\/placeholder.png&#039;)\">\n\n\t\t\t\n\t\t\t\t\t<\/div>\n\t\t\t\t\t\t\t\t<\/div>\n\t\t\t\t\t\t\t\t\t\t\t<div class=\"swiper-slide\" role=\"group\" aria-roledescription=\"slide\">\n\t\t\t\t\t\t\t\t\t<div class=\"elementor-carousel-image\" role=\"img\" aria-label=\"\" style=\"background-image: url(&#039;https:\/\/lorennarealestate.com\/wp-content\/plugins\/elementor\/assets\/images\/placeholder.png&#039;)\">\n\n\t\t\t\n\t\t\t\t\t<\/div>\n\t\t\t\t\t\t\t\t<\/div>\n\t\t\t\t\t\t\t\t\t<\/div>\n\t\t\t\t\t\t\t\t\t\t\t\t\t\t\t<div class=\"elementor-swiper-button elementor-swiper-button-prev\" role=\"button\" tabindex=\"0\" aria-label=\"Previous\">\n\t\t\t\t\t\t\t<svg aria-hidden=\"true\" class=\"e-font-icon-svg e-eicon-chevron-left\" viewbox=\"0 0 1000 1000\" xmlns=\"http:\/\/www.w3.org\/2000\/svg\"><path d=\"M646 125C629 125 613 133 604 142L308 442C296 454 292 471 292 487 292 504 296 521 308 533L604 854C617 867 629 875 646 875 663 875 679 871 692 858 704 846 713 829 713 812 713 796 708 779 692 767L438 487 692 225C700 217 708 204 708 187 708 171 704 154 692 142 675 129 663 125 646 125Z\"><\/path><\/svg>\t\t\t\t\t\t<\/div>\n\t\t\t\t\t\t<div class=\"elementor-swiper-button elementor-swiper-button-next\" role=\"button\" tabindex=\"0\" aria-label=\"Next\">\n\t\t\t\t\t\t\t<svg aria-hidden=\"true\" class=\"e-font-icon-svg e-eicon-chevron-right\" viewbox=\"0 0 1000 1000\" xmlns=\"http:\/\/www.w3.org\/2000\/svg\"><path d=\"M696 533C708 521 713 504 713 487 713 471 708 454 696 446L400 146C388 133 375 125 354 125 338 125 325 129 313 142 300 154 292 171 292 187 292 204 296 221 308 233L563 492 304 771C292 783 288 800 288 817 288 833 296 850 308 863 321 871 338 875 354 875 371 875 388 867 400 854L696 533Z\"><\/path><\/svg>\t\t\t\t\t\t<\/div>\n\t\t\t\t\t\t\t\t\t\t\t\t\t\t\t\t<div class=\"swiper-pagination\"><\/div>\n\t\t\t\t\t\t\t\t\t\t\t\t<\/div>\n\t\t\t\t\t\t\t\t<\/div>\n\t\t\t\t<\/div>\n\t\t<div class=\"elementor-element elementor-element-af97249 e-con-full e-flex e-con e-child\" data-id=\"af97249\" data-element_type=\"container\" data-e-type=\"container\">\n\t\t\t\t<\/div>\n\t\t\t\t\t<\/div>\n\t\t\t\t<\/div>\n\t\t<div class=\"elementor-element elementor-element-8cffd36 e-flex e-con-boxed e-con e-parent\" data-id=\"8cffd36\" data-element_type=\"container\" data-e-type=\"container\">\n\t\t\t\t\t<div class=\"e-con-inner\">\n\t\t<div class=\"elementor-element elementor-element-49593eb e-con-full e-flex e-con e-child\" data-id=\"49593eb\" data-element_type=\"container\" data-e-type=\"container\">\n\t\t\t\t<div class=\"elementor-element elementor-element-87a00da elementor-widget elementor-widget-heading\" data-id=\"87a00da\" data-element_type=\"widget\" data-e-type=\"widget\" data-widget_type=\"heading.default\">\n\t\t\t\t\t<h2 class=\"elementor-heading-title elementor-size-default\">La Seguridad de una Econom\u00eda Dolarizada y Estable<\/h2>\t\t\t\t<\/div>\n\t\t\t\t<\/div>\n\t\t<div class=\"elementor-element elementor-element-668287e e-con-full e-flex e-con e-child\" data-id=\"668287e\" data-element_type=\"container\" data-e-type=\"container\">\n\t\t\t\t<div class=\"elementor-element elementor-element-dbb777b elementor-widget elementor-widget-text-editor\" data-id=\"dbb777b\" data-element_type=\"widget\" data-e-type=\"widget\" data-widget_type=\"text-editor.default\">\n\t\t\t\t\t\t\t\t\t<p>La base de cualquier <b>inversi\u00f3n inmobiliaria segura<\/b> es la estabilidad monetaria y econ\u00f3mica, y Panam\u00e1 destaca en ambos aspectos:<\/p><ul><li><p><b>Dolarizaci\u00f3n y Control:<\/b> Panam\u00e1 utiliza el <b>d\u00f3lar estadounidense<\/b> como moneda de curso legal. Esto elimina el riesgo de devaluaci\u00f3n cambiaria, un factor cr\u00edtico para cualquier <b>inversor extranjero<\/b>. Sus activos y rendimientos mantienen su valor en la moneda m\u00e1s fuerte del mundo.<\/p><\/li><li><p><b>Crecimiento Sostenido:<\/b> El pa\u00eds ha mantenido un <b>crecimiento econ\u00f3mico<\/b> robusto, impulsado por el Canal de Panam\u00e1, un centro financiero internacional y una log\u00edstica de primer nivel. Este crecimiento constante se traduce directamente en una <b>revalorizaci\u00f3n de las propiedades<\/b> y una <b>alta demanda de alquileres<\/b> (residenciales, comerciales y log\u00edsticos).<\/p><\/li><\/ul>\t\t\t\t\t\t\t\t<\/div>\n\t\t\t\t<\/div>\n\t\t\t\t\t<\/div>\n\t\t\t\t<\/div>\n\t\t<div class=\"elementor-element elementor-element-0707e6e e-flex e-con-boxed e-con e-parent\" data-id=\"0707e6e\" data-element_type=\"container\" data-e-type=\"container\">\n\t\t\t\t\t<div class=\"e-con-inner\">\n\t\t<div class=\"elementor-element elementor-element-0ca48bf e-con-full e-flex e-con e-child\" data-id=\"0ca48bf\" data-element_type=\"container\" data-e-type=\"container\">\n\t\t\t\t<div class=\"elementor-element elementor-element-d8ecc27 elementor-widget elementor-widget-heading\" data-id=\"d8ecc27\" data-element_type=\"widget\" data-e-type=\"widget\" data-widget_type=\"heading.default\">\n\t\t\t\t\t<h2 class=\"elementor-heading-title elementor-size-default\">Incentivos Fiscales Clave para Inversores en Bienes Ra\u00edces<\/h2>\t\t\t\t<\/div>\n\t\t\t\t<\/div>\n\t\t<div class=\"elementor-element elementor-element-725586a e-con-full e-flex e-con e-child\" data-id=\"725586a\" data-element_type=\"container\" data-e-type=\"container\">\n\t\t\t\t<div class=\"elementor-element elementor-element-c1e9e02 elementor-widget elementor-widget-text-editor\" data-id=\"c1e9e02\" data-element_type=\"widget\" data-e-type=\"widget\" data-widget_type=\"text-editor.default\">\n\t\t\t\t\t\t\t\t\t<p>Panam\u00e1 ha creado un <b>r\u00e9gimen fiscal favorable<\/b> dise\u00f1ado espec\u00edficamente para atraer y proteger la <b>inversi\u00f3n en propiedades<\/b>. Esto maximiza su rentabilidad:<\/p><ul><li><p><b>Exoneraciones de Impuesto de Inmuebles:<\/b> Existen importantes exenciones del impuesto sobre la propiedad para construcciones nuevas, lo que reduce dr\u00e1sticamente los costos a largo plazo.<\/p><\/li><li><p><b>Principio de Territorialidad:<\/b> El sistema fiscal paname\u00f1o no grava los ingresos obtenidos fuera del pa\u00eds. Esto beneficia enormemente a los <b>inversores internacionales<\/b> con portafolios en el extranjero.<\/p><\/li><li><p><b>Ventajas en la Transferencia:<\/b> Existen leyes que ofrecen beneficios tributarios para nuevos proyectos de vivienda, estimulando el desarrollo y la venta de propiedades.<\/p><\/li><\/ul>\t\t\t\t\t\t\t\t<\/div>\n\t\t\t\t<\/div>\n\t\t\t\t\t<\/div>\n\t\t\t\t<\/div>\n\t\t<div class=\"elementor-element elementor-element-cad0d44 e-flex e-con-boxed e-con e-parent\" data-id=\"cad0d44\" data-element_type=\"container\" data-e-type=\"container\">\n\t\t\t\t\t<div class=\"e-con-inner\">\n\t\t<div class=\"elementor-element elementor-element-65774cd e-con-full e-flex e-con e-child\" data-id=\"65774cd\" data-element_type=\"container\" data-e-type=\"container\">\n\t\t\t\t<div class=\"elementor-element elementor-element-1da7c04 elementor-widget elementor-widget-heading\" data-id=\"1da7c04\" data-element_type=\"widget\" data-e-type=\"widget\" data-widget_type=\"heading.default\">\n\t\t\t\t\t<h2 class=\"elementor-heading-title elementor-size-default\">Conectividad Global y Calidad de Vida<\/h2>\t\t\t\t<\/div>\n\t\t\t\t<\/div>\n\t\t<div class=\"elementor-element elementor-element-cb5b12f e-con-full e-flex e-con e-child\" data-id=\"cb5b12f\" data-element_type=\"container\" data-e-type=\"container\">\n\t\t\t\t<div class=\"elementor-element elementor-element-cf52399 elementor-widget elementor-widget-text-editor\" data-id=\"cf52399\" data-element_type=\"widget\" data-e-type=\"widget\" data-widget_type=\"text-editor.default\">\n\t\t\t\t\t\t\t\t\t<p>Panam\u00e1 es el \u00abHub de las Am\u00e9ricas\u00bb, lo que incrementa el atractivo de sus <b>bienes ra\u00edces<\/b> para el uso personal y la renta:<\/p><ul><li><p><b>Conectividad A\u00e9rea:<\/b> El Aeropuerto de Tocumen conecta la capital con m\u00faltiples destinos globales, ideal para ejecutivos, turistas y para la gesti\u00f3n de su <b>propiedad de inversi\u00f3n<\/b>.<\/p><\/li><li><p><b>Diversidad de Oportunidades:<\/b> El mercado es amplio, desde apartamentos de <b>alta rentabilidad<\/b> en el centro financiero (<b>Ciudad de Panam\u00e1<\/b>) hasta residencias de retiro en \u00e1reas de playa (<b>Coronado<\/b>) y monta\u00f1a (<b>Boquete<\/b>), satisfaciendo diferentes objetivos de <b>inversi\u00f3n<\/b>.<\/p><\/li><\/ul>\t\t\t\t\t\t\t\t<\/div>\n\t\t\t\t<\/div>\n\t\t\t\t\t<\/div>\n\t\t\t\t<\/div>\n\t\t<div class=\"elementor-element elementor-element-edfcba6 e-flex e-con-boxed e-con e-parent\" data-id=\"edfcba6\" data-element_type=\"container\" data-e-type=\"container\" data-settings=\"{&quot;background_background&quot;:&quot;classic&quot;}\">\n\t\t\t\t\t<div class=\"e-con-inner\">\n\t\t<div class=\"elementor-element elementor-element-bc0585f e-con-full e-flex e-con e-child\" data-id=\"bc0585f\" data-element_type=\"container\" data-e-type=\"container\">\n\t\t\t\t<div class=\"elementor-element elementor-element-7064a8e elementor-widget elementor-widget-heading\" data-id=\"7064a8e\" data-element_type=\"widget\" data-e-type=\"widget\" data-widget_type=\"heading.default\">\n\t\t\t\t\t<h2 class=\"elementor-heading-title elementor-size-default\">Art\u00edculos de tu inter\u00e9s sobre Panam\u00e1<\/h2>\t\t\t\t<\/div>\n\t\t\t\t<\/div>\n\t\t<div class=\"elementor-element elementor-element-4796f9e e-con-full e-flex e-con e-child\" data-id=\"4796f9e\" data-element_type=\"container\" data-e-type=\"container\">\n\t\t\t\t<div class=\"elementor-element elementor-element-fa89380 elementor-widget elementor-widget-luxus-blog-caousel\" data-id=\"fa89380\" data-element_type=\"widget\" data-e-type=\"widget\" data-widget_type=\"luxus-blog-caousel.default\">\n\t\t\t\t<div class=\"elementor-widget-container\">\n\t\t\t\t\t\t\t<div class=\"sl-blog-carousel\">\n\t\t\t<div class=\"luxus-carousel\" id=\"sl-blog-carousel-fa89380\" data-slick=\"{ &quot;dots&quot;:true, &quot;arrows&quot;:true, &quot;infinite&quot;:true, &quot;autoplay&quot;:false, &quot;autoplaySpeed&quot;:10000000, &quot;centerMode&quot;:false, &quot;swipe&quot;:true }\" data-stshow=\"3\" data-stscroll=\"1\" data-cpadding=\"50px\">\n\n\t\t\t\n\t\t\t<\/div>\n\n\t\t<\/div>\n    \t\t\t\t\t<\/div>\n\t\t\t\t<\/div>\n\t\t\t\t<\/div>\n\t\t\t\t\t<\/div>\n\t\t\t\t<\/div>\n\t\t\t\t<\/div>","protected":false},"excerpt":{"rendered":"<p>La Inversi\u00f3n Inmobiliaria Inteligente Comienza Aqu\u00ed https:\/\/www.youtube.com\/watch?v=XHOmBV4js_E Panam\u00e1 se ha consolidado como la joya de la corona para la inversi\u00f3n en bienes ra\u00edces en Am\u00e9rica Latina. Para el inversor extranjero que busca rentabilidad y seguridad legal, el pa\u00eds ofrece una combinaci\u00f3n inigualable de estabilidad econ\u00f3mica, incentivos fiscales y un proceso migratorio favorable. Aqu\u00ed est\u00e1n las [&hellip;]<\/p>\n","protected":false},"author":1,"featured_media":0,"parent":0,"menu_order":0,"comment_status":"closed","ping_status":"closed","template":"elementor_header_footer","meta":{"footnotes":""},"class_list":["post-331","page","type-page","status-publish","hentry"],"_hostinger_reach_plugin_has_subscription_block":false,"_hostinger_reach_plugin_is_elementor":false,"_links":{"self":[{"href":"https:\/\/lorennarealestate.com\/en\/wp-json\/wp\/v2\/pages\/331","targetHints":{"allow":["GET"]}}],"collection":[{"href":"https:\/\/lorennarealestate.com\/en\/wp-json\/wp\/v2\/pages"}],"about":[{"href":"https:\/\/lorennarealestate.com\/en\/wp-json\/wp\/v2\/types\/page"}],"author":[{"embeddable":true,"href":"https:\/\/lorennarealestate.com\/en\/wp-json\/wp\/v2\/users\/1"}],"replies":[{"embeddable":true,"href":"https:\/\/lorennarealestate.com\/en\/wp-json\/wp\/v2\/comments?post=331"}],"version-history":[{"count":8,"href":"https:\/\/lorennarealestate.com\/en\/wp-json\/wp\/v2\/pages\/331\/revisions"}],"predecessor-version":[{"id":373,"href":"https:\/\/lorennarealestate.com\/en\/wp-json\/wp\/v2\/pages\/331\/revisions\/373"}],"wp:attachment":[{"href":"https:\/\/lorennarealestate.com\/en\/wp-json\/wp\/v2\/media?parent=331"}],"curies":[{"name":"wp","href":"https:\/\/api.w.org\/{rel}","templated":true}]}}