{"id":8242,"date":"2026-04-12T01:20:15","date_gmt":"2026-04-11T23:20:15","guid":{"rendered":"https:\/\/lorennarealestate.com\/?page_id=8242"},"modified":"2026-04-12T01:57:20","modified_gmt":"2026-04-11T23:57:20","slug":"servicios-legales","status":"publish","type":"page","link":"https:\/\/lorennarealestate.com\/en\/servicios-legales\/","title":{"rendered":"Servicios Legales"},"content":{"rendered":"\t\t<div data-elementor-type=\"wp-page\" data-elementor-id=\"8242\" class=\"elementor elementor-8242\" data-elementor-post-type=\"page\">\n\t\t\t\t<div class=\"elementor-element elementor-element-7acddf5 e-flex e-con-boxed e-con e-parent\" data-id=\"7acddf5\" data-element_type=\"container\" data-e-type=\"container\" data-settings=\"{&quot;background_background&quot;:&quot;slideshow&quot;,&quot;background_slideshow_gallery&quot;:[{&quot;id&quot;:8259,&quot;url&quot;:&quot;https:\\\/\\\/lorennarealestate.com\\\/wp-content\\\/uploads\\\/2026\\\/04\\\/lawyer-hand-holding-pen-and-providing-legal-consul-2026-01-08-01-09-56-utc-scaled.jpg&quot;}],&quot;background_slideshow_loop&quot;:&quot;yes&quot;,&quot;background_slideshow_slide_duration&quot;:5000,&quot;background_slideshow_slide_transition&quot;:&quot;fade&quot;,&quot;background_slideshow_transition_duration&quot;:500}\">\n\t\t\t\t\t<div class=\"e-con-inner\">\n\t\t<div class=\"elementor-element elementor-element-b33e253 e-con-full e-flex e-con e-child\" data-id=\"b33e253\" data-element_type=\"container\" data-e-type=\"container\">\n\t\t<div class=\"elementor-element elementor-element-2c3974e e-con-full e-flex e-con e-child\" data-id=\"2c3974e\" data-element_type=\"container\" data-e-type=\"container\">\n\t\t\t\t<\/div>\n\t\t\t\t<div class=\"elementor-element elementor-element-5531229 elementor-widget elementor-widget-heading\" data-id=\"5531229\" data-element_type=\"widget\" data-e-type=\"widget\" data-widget_type=\"heading.default\">\n\t\t\t\t\t<h1 class=\"elementor-heading-title elementor-size-default\">SOLUCIONES LEGALES\nPARA TI<\/h1>\t\t\t\t<\/div>\n\t\t\t\t<\/div>\n\t\t<div class=\"elementor-element elementor-element-94ae50b e-con-full e-flex e-con e-child\" data-id=\"94ae50b\" data-element_type=\"container\" data-e-type=\"container\">\n\t\t\t\t<div class=\"elementor-element elementor-element-1385ff5 elementor-widget elementor-widget-text-editor\" data-id=\"1385ff5\" data-element_type=\"widget\" data-e-type=\"widget\" data-widget_type=\"text-editor.default\">\n\t\t\t\t\t\t\t\t\t<p>Asesor\u00eda y gesti\u00f3n en procesos legales, migratorios y de inversi\u00f3n en Panam\u00e1.<\/p>\t\t\t\t\t\t\t\t<\/div>\n\t\t<div class=\"elementor-element elementor-element-ad24be5 e-con-full e-flex e-con e-child\" data-id=\"ad24be5\" data-element_type=\"container\" data-e-type=\"container\">\n\t\t\t\t<div class=\"elementor-element elementor-element-37c4f17 elementor-widget elementor-widget-button\" data-id=\"37c4f17\" data-element_type=\"widget\" data-e-type=\"widget\" data-widget_type=\"button.default\">\n\t\t\t\t\t\t\t\t\t\t<a class=\"elementor-button elementor-button-link elementor-size-sm elementor-animation-shrink\" href=\"#form-consulta\">\n\t\t\t\t\t\t<span class=\"elementor-button-content-wrapper\">\n\t\t\t\t\t\t\t\t\t<span class=\"elementor-button-text\">Contact\u00e1nos<\/span>\n\t\t\t\t\t<\/span>\n\t\t\t\t\t<\/a>\n\t\t\t\t\t\t\t\t<\/div>\n\t\t<div class=\"elementor-element elementor-element-e0ebb58 e-con-full e-flex e-con e-child\" data-id=\"e0ebb58\" data-element_type=\"container\" data-e-type=\"container\">\n\t\t\t\t<\/div>\n\t\t\t\t<\/div>\n\t\t\t\t<\/div>\n\t\t\t\t\t<\/div>\n\t\t\t\t<\/div>\n\t\t<div class=\"elementor-element elementor-element-de1fcb8 e-flex e-con-boxed elementor-invisible e-con e-parent\" data-id=\"de1fcb8\" data-element_type=\"container\" data-e-type=\"container\" data-settings=\"{&quot;animation&quot;:&quot;slideInUp&quot;}\">\n\t\t\t\t\t<div class=\"e-con-inner\">\n\t\t<div class=\"elementor-element elementor-element-7c4256f e-con-full e-flex e-con e-child\" data-id=\"7c4256f\" data-element_type=\"container\" data-e-type=\"container\">\n\t\t\t\t<div class=\"elementor-element elementor-element-ebd2876 elementor-widget elementor-widget-luxus-info-box\" data-id=\"ebd2876\" data-element_type=\"widget\" data-e-type=\"widget\" data-widget_type=\"luxus-info-box.default\">\n\t\t\t\t<div class=\"elementor-widget-container\">\n\t\t\t\t\t\t\t\t<div class=\"sl-info-box-container\">\n\t\t\t\n<div class=\"sl-info-box info-box-two\">\n        <h5 class=\"title\">Asesor\u00eda Profesional<\/h5>\n    <p class=\"text\">Expertos a tu servicio.<\/p>\n    <div class=\"icon\"><i aria-hidden=\"true\" class=\"sl-icons sl-comment-o\"><\/i><\/div><\/div>\t\t\t<\/div>\n    \t\t\t\t\t<\/div>\n\t\t\t\t<\/div>\n\t\t\t\t<\/div>\n\t\t<div class=\"elementor-element elementor-element-d575140 e-con-full e-flex e-con e-child\" data-id=\"d575140\" data-element_type=\"container\" data-e-type=\"container\">\n\t\t\t\t<div class=\"elementor-element elementor-element-9855be1 elementor-widget elementor-widget-luxus-info-box\" data-id=\"9855be1\" data-element_type=\"widget\" data-e-type=\"widget\" data-widget_type=\"luxus-info-box.default\">\n\t\t\t\t<div class=\"elementor-widget-container\">\n\t\t\t\t\t\t\t\t<div class=\"sl-info-box-container\">\n\t\t\t\n<div class=\"sl-info-box info-box-two\">\n        <h5 class=\"title\">Defensa Legal<\/h5>\n    <p class=\"text\">Te representamos con firmeza.<\/p>\n    <div class=\"icon\"><i aria-hidden=\"true\" class=\"sl-icons sl-secure-shield\"><\/i><\/div><\/div>\t\t\t<\/div>\n    \t\t\t\t\t<\/div>\n\t\t\t\t<\/div>\n\t\t\t\t<\/div>\n\t\t<div class=\"elementor-element elementor-element-dad4a07 e-con-full e-flex e-con e-child\" data-id=\"dad4a07\" data-element_type=\"container\" data-e-type=\"container\">\n\t\t\t\t<div class=\"elementor-element elementor-element-e723d55 elementor-widget elementor-widget-luxus-info-box\" data-id=\"e723d55\" data-element_type=\"widget\" data-e-type=\"widget\" data-widget_type=\"luxus-info-box.default\">\n\t\t\t\t<div class=\"elementor-widget-container\">\n\t\t\t\t\t\t\t\t<div class=\"sl-info-box-container\">\n\t\t\t\n<div class=\"sl-info-box info-box-two\">\n        <h5 class=\"title\">Resultados Efectivos<\/h5>\n    <p class=\"text\">Soluci\u00f3n que funciona.<\/p>\n    <div class=\"icon\"><i aria-hidden=\"true\" class=\"sl-icons sl-check-o\"><\/i><\/div><\/div>\t\t\t<\/div>\n    \t\t\t\t\t<\/div>\n\t\t\t\t<\/div>\n\t\t\t\t<\/div>\n\t\t\t\t\t<\/div>\n\t\t\t\t<\/div>\n\t\t<div class=\"elementor-element elementor-element-89f9f44 e-flex e-con-boxed elementor-invisible e-con e-parent\" data-id=\"89f9f44\" data-element_type=\"container\" data-e-type=\"container\" data-settings=\"{&quot;animation&quot;:&quot;slideInUp&quot;}\">\n\t\t\t\t\t<div class=\"e-con-inner\">\n\t\t\t\t<div class=\"elementor-element elementor-element-60331f2 elementor-widget elementor-widget-heading\" data-id=\"60331f2\" data-element_type=\"widget\" data-e-type=\"widget\" data-widget_type=\"heading.default\">\n\t\t\t\t\t<h2 class=\"elementor-heading-title elementor-size-default\">NUESTRAS \u00c1REAS DE PR\u00c1CTICA<\/h2>\t\t\t\t<\/div>\n\t\t\t\t<div class=\"elementor-element elementor-element-8896902 elementor-widget elementor-widget-text-editor\" data-id=\"8896902\" data-element_type=\"widget\" data-e-type=\"widget\" data-widget_type=\"text-editor.default\">\n\t\t\t\t\t\t\t\t\t<p style=\"text-align: center;\">Somos especialistas en diversas ramas de derecho<\/p>\t\t\t\t\t\t\t\t<\/div>\n\t\t\t\t\t<\/div>\n\t\t\t\t<\/div>\n\t\t<div class=\"elementor-element elementor-element-155b878 e-flex e-con-boxed elementor-invisible e-con e-parent\" data-id=\"155b878\" data-element_type=\"container\" data-e-type=\"container\" data-settings=\"{&quot;animation&quot;:&quot;slideInUp&quot;}\">\n\t\t\t\t\t<div class=\"e-con-inner\">\n\t\t\t\t<div class=\"elementor-element elementor-element-8196ec2 elementor--h-position-center elementor--v-position-middle elementor-arrows-position-inside elementor-pagination-position-inside elementor-widget elementor-widget-slides\" data-id=\"8196ec2\" data-element_type=\"widget\" data-e-type=\"widget\" data-settings=\"{&quot;navigation&quot;:&quot;both&quot;,&quot;autoplay&quot;:&quot;yes&quot;,&quot;pause_on_hover&quot;:&quot;yes&quot;,&quot;pause_on_interaction&quot;:&quot;yes&quot;,&quot;autoplay_speed&quot;:5000,&quot;infinite&quot;:&quot;yes&quot;,&quot;transition&quot;:&quot;slide&quot;,&quot;transition_speed&quot;:500}\" data-widget_type=\"slides.default\">\n\t\t\t\t\t\t\t\t\t\t<div class=\"elementor-slides-wrapper elementor-main-swiper swiper\" role=\"region\" aria-roledescription=\"carousel\" aria-label=\"Servicios\" dir=\"ltr\" data-animation=\"fadeInUp\">\n\t\t\t\t<div class=\"swiper-wrapper elementor-slides\">\n\t\t\t\t\t\t\t\t\t\t<div class=\"elementor-repeater-item-afbeae0 swiper-slide\" role=\"group\" aria-roledescription=\"slide\"><div class=\"swiper-slide-bg\" role=\"img\" aria-label=\"Dise\u00f1o sin t\u00edtulo-3\"><\/div><div class=\"elementor-background-overlay\"><\/div><div class=\"swiper-slide-inner\" ><div class=\"swiper-slide-contents\"><div class=\"elementor-slide-heading\">Residencia Permanente<\/div><div class=\"elementor-slide-description\">Te ayudamos a establecerte legalmente en Panam\u00e1 con un proceso confiable y acompa\u00f1ado.<\/div><a href=\"https:\/\/lorennarealestate.com\/servicios-legales\/#form-consulta\" class=\"elementor-button elementor-slide-button elementor-size-xs\">Cont\u00e1ctanos<\/a><\/div><\/div><\/div><div class=\"elementor-repeater-item-3cbe267 swiper-slide\" role=\"group\" aria-roledescription=\"slide\"><div class=\"swiper-slide-bg\" role=\"img\" aria-label=\"Dise\u00f1o sin t\u00edtulo\"><\/div><div class=\"elementor-background-overlay\"><\/div><div class=\"swiper-slide-inner\" ><div class=\"swiper-slide-contents\"><div class=\"elementor-slide-heading\">Obtenci\u00f3n de Visas<\/div><div class=\"elementor-slide-description\">Gestionamos tu visa de manera \u00e1gil y sin complicaciones, adaptada a tu perfil y objetivos.<\/div><a href=\"https:\/\/lorennarealestate.com\/servicios-legales\/#form-consulta\" class=\"elementor-button elementor-slide-button elementor-size-xs\">Cont\u00e1ctanos<\/a><\/div><\/div><\/div><div class=\"elementor-repeater-item-8b2a961 swiper-slide\" role=\"group\" aria-roledescription=\"slide\"><div class=\"swiper-slide-bg\" role=\"img\" aria-label=\"Dise\u00f1o sin t\u00edtulo-5\"><\/div><div class=\"elementor-background-overlay\"><\/div><div class=\"swiper-slide-inner\" ><div class=\"swiper-slide-contents\"><div class=\"elementor-slide-heading\">Residencia por inversi\u00f3n inmobiliaria<\/div><div class=\"elementor-slide-description\">Obt\u00e9n tu residencia legal invirtiendo en una propiedad en Panam\u00e1 de forma segura y r\u00e1pida.<\/div><a href=\"https:\/\/lorennarealestate.com\/servicios-legales\/#form-consulta\" class=\"elementor-button elementor-slide-button elementor-size-xs\">Cont\u00e1ctanos<\/a><\/div><\/div><\/div><div class=\"elementor-repeater-item-b2ab6a7 swiper-slide\" role=\"group\" aria-roledescription=\"slide\"><div class=\"swiper-slide-bg\" role=\"img\" aria-label=\"constitucionalismo\"><\/div><div class=\"swiper-slide-inner\" ><div class=\"swiper-slide-contents\"><div class=\"elementor-slide-heading\">Constituci\u00f3n de sociedades<\/div><div class=\"elementor-slide-description\">Crea tu empresa en Panam\u00e1 de forma sencilla y protege tus inversiones desde el inicio.<\/div><a href=\"https:\/\/lorennarealestate.com\/servicios-legales\/#form-consulta\" class=\"elementor-button elementor-slide-button elementor-size-xs\">Contact\u00e1nos<\/a><\/div><\/div><\/div>\t\t\t\t<\/div>\n\t\t\t\t\t\t\t\t\t\t\t\t\t\t\t<div class=\"elementor-swiper-button elementor-swiper-button-prev\" role=\"button\" tabindex=\"0\" aria-label=\"Previous slide\">\n\t\t\t\t\t\t\t<svg aria-hidden=\"true\" class=\"e-font-icon-svg e-eicon-chevron-left\" viewBox=\"0 0 1000 1000\" xmlns=\"http:\/\/www.w3.org\/2000\/svg\"><path d=\"M646 125C629 125 613 133 604 142L308 442C296 454 292 471 292 487 292 504 296 521 308 533L604 854C617 867 629 875 646 875 663 875 679 871 692 858 704 846 713 829 713 812 713 796 708 779 692 767L438 487 692 225C700 217 708 204 708 187 708 171 704 154 692 142 675 129 663 125 646 125Z\"><\/path><\/svg>\t\t\t\t\t\t<\/div>\n\t\t\t\t\t\t<div class=\"elementor-swiper-button elementor-swiper-button-next\" role=\"button\" tabindex=\"0\" aria-label=\"Next slide\">\n\t\t\t\t\t\t\t<svg aria-hidden=\"true\" class=\"e-font-icon-svg e-eicon-chevron-right\" viewBox=\"0 0 1000 1000\" xmlns=\"http:\/\/www.w3.org\/2000\/svg\"><path d=\"M696 533C708 521 713 504 713 487 713 471 708 454 696 446L400 146C388 133 375 125 354 125 338 125 325 129 313 142 300 154 292 171 292 187 292 204 296 221 308 233L563 492 304 771C292 783 288 800 288 817 288 833 296 850 308 863 321 871 338 875 354 875 371 875 388 867 400 854L696 533Z\"><\/path><\/svg>\t\t\t\t\t\t<\/div>\n\t\t\t\t\t\t\t\t\t\t\t\t\t\t\t\t<div class=\"swiper-pagination\"><\/div>\n\t\t\t\t\t\t\t\t\t\t\t\t<\/div>\n\t\t\t\t\t\t\t\t<\/div>\n\t\t\t\t\t<\/div>\n\t\t\t\t<\/div>\n\t\t<div class=\"elementor-element elementor-element-a639850 e-flex e-con-boxed e-con e-parent\" data-id=\"a639850\" data-element_type=\"container\" data-e-type=\"container\" id=\"form-consulta\" data-settings=\"{&quot;animation&quot;:&quot;none&quot;}\">\n\t\t\t\t\t<div class=\"e-con-inner\">\n\t\t<div class=\"elementor-element elementor-element-b786a59 e-con-full e-flex e-con e-child\" data-id=\"b786a59\" data-element_type=\"container\" data-e-type=\"container\">\n\t\t\t\t<\/div>\n\t\t<div class=\"elementor-element elementor-element-a06bd78 e-con-full e-flex e-con e-child\" data-id=\"a06bd78\" data-element_type=\"container\" data-e-type=\"container\">\n\t\t\t\t<div class=\"elementor-element elementor-element-a450cc7 elementor-widget elementor-widget-heading\" data-id=\"a450cc7\" data-element_type=\"widget\" data-e-type=\"widget\" data-widget_type=\"heading.default\">\n\t\t\t\t\t<h2 class=\"elementor-heading-title elementor-size-default\">Contact\u00e1nos<\/h2>\t\t\t\t<\/div>\n\t\t\t\t<div class=\"elementor-element elementor-element-c3a72e9 elementor-button-align-stretch elementor-widget elementor-widget-form\" data-id=\"c3a72e9\" data-element_type=\"widget\" data-e-type=\"widget\" data-settings=\"{&quot;step_next_label&quot;:&quot;Next&quot;,&quot;step_previous_label&quot;:&quot;Previous&quot;,&quot;button_width&quot;:&quot;100&quot;,&quot;step_type&quot;:&quot;number_text&quot;,&quot;step_icon_shape&quot;:&quot;circle&quot;}\" data-widget_type=\"form.default\">\n\t\t\t\t\t\t\t<form class=\"elementor-form\" method=\"post\" id=\"consulta_legal\" name=\"contacto-legal\" aria-label=\"contacto-legal\">\n\t\t\t<input type=\"hidden\" name=\"post_id\" value=\"8242\"\/>\n\t\t\t<input type=\"hidden\" name=\"form_id\" value=\"c3a72e9\"\/>\n\t\t\t<input type=\"hidden\" name=\"referer_title\" value=\"Servicios Legales\" \/>\n\n\t\t\t\t\t\t\t<input type=\"hidden\" name=\"queried_id\" value=\"8242\"\/>\n\t\t\t\n\t\t\t<div class=\"elementor-form-fields-wrapper elementor-labels-above\">\n\t\t\t\t\t\t\t\t<div class=\"elementor-field-type-text elementor-field-group elementor-column elementor-field-group-name elementor-col-100 elementor-field-required elementor-mark-required\">\n\t\t\t\t\t\t\t\t\t\t\t\t<label for=\"form-field-name\" class=\"elementor-field-label\">\n\t\t\t\t\t\t\t\tNombre Completo\t\t\t\t\t\t\t<\/label>\n\t\t\t\t\t\t\t\t\t\t\t\t\t\t<input size=\"1\" type=\"text\" name=\"form_fields[name]\" id=\"form-field-name\" class=\"elementor-field elementor-size-sm  elementor-field-textual\" required=\"required\">\n\t\t\t\t\t\t\t\t\t\t\t<\/div>\n\t\t\t\t\t\t\t\t<div class=\"elementor-field-type-tel elementor-field-group elementor-column elementor-field-group-field_c3aefc3 elementor-col-100 elementor-field-required elementor-mark-required\">\n\t\t\t\t\t\t\t\t\t\t\t\t<label for=\"form-field-field_c3aefc3\" class=\"elementor-field-label\">\n\t\t\t\t\t\t\t\tTel\u00e9fono\t\t\t\t\t\t\t<\/label>\n\t\t\t\t\t\t\t\t<input size=\"1\" type=\"tel\" name=\"form_fields[field_c3aefc3]\" id=\"form-field-field_c3aefc3\" class=\"elementor-field elementor-size-sm  elementor-field-textual\" required=\"required\" pattern=\"[0-9()#&amp;+*-=.]+\" title=\"Only numbers and phone characters (#, -, *, etc) are accepted.\">\n\n\t\t\t\t\t\t<\/div>\n\t\t\t\t\t\t\t\t<div class=\"elementor-field-type-email elementor-field-group elementor-column elementor-field-group-email elementor-col-100 elementor-field-required elementor-mark-required\">\n\t\t\t\t\t\t\t\t\t\t\t\t<label for=\"form-field-email\" class=\"elementor-field-label\">\n\t\t\t\t\t\t\t\tCorreo\t\t\t\t\t\t\t<\/label>\n\t\t\t\t\t\t\t\t\t\t\t\t\t\t<input size=\"1\" type=\"email\" name=\"form_fields[email]\" id=\"form-field-email\" class=\"elementor-field elementor-size-sm  elementor-field-textual\" required=\"required\">\n\t\t\t\t\t\t\t\t\t\t\t<\/div>\n\t\t\t\t\t\t\t\t<div class=\"elementor-field-type-textarea elementor-field-group elementor-column elementor-field-group-message elementor-col-100 elementor-field-required elementor-mark-required\">\n\t\t\t\t\t\t\t\t\t\t\t\t<label for=\"form-field-message\" class=\"elementor-field-label\">\n\t\t\t\t\t\t\t\tConsulta\t\t\t\t\t\t\t<\/label>\n\t\t\t\t\t\t<textarea class=\"elementor-field-textual elementor-field  elementor-size-sm\" name=\"form_fields[message]\" id=\"form-field-message\" rows=\"4\" required=\"required\"><\/textarea>\t\t\t\t<\/div>\n\t\t\t\t\t\t\t\t<div class=\"elementor-field-group elementor-column elementor-field-type-submit elementor-col-100 e-form__buttons\">\n\t\t\t\t\t<button class=\"elementor-button elementor-size-sm elementor-animation-shrink\" type=\"submit\">\n\t\t\t\t\t\t<span class=\"elementor-button-content-wrapper\">\n\t\t\t\t\t\t\t\t\t\t\t\t\t\t\t\t\t\t\t\t\t\t<span class=\"elementor-button-text\">Enviar<\/span>\n\t\t\t\t\t\t\t\t\t\t\t\t\t<\/span>\n\t\t\t\t\t<\/button>\n\t\t\t\t<\/div>\n\t\t\t<\/div>\n\t\t<\/form>\n\t\t\t\t\t\t<\/div>\n\t\t\t\t<\/div>\n\t\t<div class=\"elementor-element elementor-element-deac961 e-con-full e-flex e-con e-child\" data-id=\"deac961\" data-element_type=\"container\" data-e-type=\"container\">\n\t\t\t\t<\/div>\n\t\t\t\t\t<\/div>\n\t\t\t\t<\/div>\n\t\t<div class=\"elementor-element elementor-element-8a2f92e e-flex e-con-boxed elementor-invisible e-con e-parent\" data-id=\"8a2f92e\" data-element_type=\"container\" data-e-type=\"container\" data-settings=\"{&quot;background_background&quot;:&quot;slideshow&quot;,&quot;background_slideshow_gallery&quot;:[{&quot;id&quot;:8262,&quot;url&quot;:&quot;https:\\\/\\\/lorennarealestate.com\\\/wp-content\\\/uploads\\\/2026\\\/04\\\/constitucionalismo-4-scaled.png&quot;}],&quot;animation&quot;:&quot;slideInUp&quot;,&quot;background_slideshow_loop&quot;:&quot;yes&quot;,&quot;background_slideshow_slide_duration&quot;:5000,&quot;background_slideshow_slide_transition&quot;:&quot;fade&quot;,&quot;background_slideshow_transition_duration&quot;:500}\">\n\t\t\t\t\t<div class=\"e-con-inner\">\n\t\t<div class=\"elementor-element elementor-element-8706d21 e-con-full e-flex e-con e-child\" data-id=\"8706d21\" data-element_type=\"container\" data-e-type=\"container\">\n\t\t\t\t<\/div>\n\t\t<div class=\"elementor-element elementor-element-e5be4e9 e-con-full e-flex e-con e-child\" data-id=\"e5be4e9\" data-element_type=\"container\" data-e-type=\"container\">\n\t\t\t\t<div class=\"elementor-element elementor-element-c170544 elementor-widget elementor-widget-heading\" data-id=\"c170544\" data-element_type=\"widget\" data-e-type=\"widget\" data-widget_type=\"heading.default\">\n\t\t\t\t\t<h3 class=\"elementor-heading-title elementor-size-default\">Servicios Legales en Bienes Ra\u00edces | Lorenna Real Estate<\/h3>\t\t\t\t<\/div>\n\t\t\t\t<\/div>\n\t\t<div class=\"elementor-element elementor-element-68c433b e-con-full e-flex e-con e-child\" data-id=\"68c433b\" data-element_type=\"container\" data-e-type=\"container\">\n\t\t\t\t<div class=\"elementor-element elementor-element-caaa74c elementor-widget elementor-widget-text-editor\" data-id=\"caaa74c\" data-element_type=\"widget\" data-e-type=\"widget\" data-widget_type=\"text-editor.default\">\n\t\t\t\t\t\t\t\t\t<p data-start=\"145\" data-end=\"428\">En Lorenna Real Estate ofrecemos servicios legales en bienes ra\u00edces en Panam\u00e1 enfocados en proteger tu inversi\u00f3n y garantizar transacciones seguras. Te asesoramos en la compra y venta de propiedades en Panam\u00e1, revisi\u00f3n de contratos, estudios de t\u00edtulos y verificaci\u00f3n legal completa.<\/p><p data-start=\"430\" data-end=\"694\">Tambi\u00e9n somos especialistas en tr\u00e1mites de residencia en Panam\u00e1 y visas para inversionistas, incluyendo residencia permanente y programas migratorios. Adem\u00e1s, te apoyamos en la constituci\u00f3n de sociedades en Panam\u00e1 y estructuras legales para inversi\u00f3n inmobiliaria.<\/p><p data-start=\"696\" data-end=\"798\">Conf\u00eda en Lorenna Real Estate para invertir en Panam\u00e1 con seguridad, respaldo legal y total confianza.<\/p>\t\t\t\t\t\t\t\t<\/div>\n\t\t\t\t<\/div>\n\t\t<div class=\"elementor-element elementor-element-6c88bee e-con-full e-flex e-con e-child\" data-id=\"6c88bee\" data-element_type=\"container\" data-e-type=\"container\">\n\t\t\t\t<div class=\"elementor-element elementor-element-40b8c89 elementor-widget elementor-widget-button\" data-id=\"40b8c89\" data-element_type=\"widget\" data-e-type=\"widget\" data-widget_type=\"button.default\">\n\t\t\t\t\t\t\t\t\t\t<a class=\"elementor-button elementor-button-link elementor-size-sm\" href=\"#form-consulta\">\n\t\t\t\t\t\t<span class=\"elementor-button-content-wrapper\">\n\t\t\t\t\t\t\t\t\t<span class=\"elementor-button-text\">Contact\u00e1nos<\/span>\n\t\t\t\t\t<\/span>\n\t\t\t\t\t<\/a>\n\t\t\t\t\t\t\t\t<\/div>\n\t\t\t\t<\/div>\n\t\t<div class=\"elementor-element elementor-element-805b129 e-con-full e-flex e-con e-child\" data-id=\"805b129\" data-element_type=\"container\" data-e-type=\"container\">\n\t\t\t\t<\/div>\n\t\t\t\t\t<\/div>\n\t\t\t\t<\/div>\n\t\t\t\t<\/div>\n\t\t","protected":false},"excerpt":{"rendered":"<p>SOLUCIONES LEGALES PARA TI Asesor\u00eda y gesti\u00f3n en procesos legales, migratorios y de inversi\u00f3n en Panam\u00e1. Contact\u00e1nos Asesor\u00eda Profesional Expertos a tu servicio. Defensa Legal Te representamos con firmeza. Resultados Efectivos Soluci\u00f3n que funciona. NUESTRAS \u00c1REAS DE PR\u00c1CTICA Somos especialistas en diversas ramas de derecho Residencia PermanenteTe ayudamos a establecerte legalmente en Panam\u00e1 con un [&hellip;]<\/p>\n","protected":false},"author":1,"featured_media":0,"parent":0,"menu_order":0,"comment_status":"closed","ping_status":"closed","template":"elementor_header_footer","meta":{"footnotes":""},"class_list":["post-8242","page","type-page","status-publish","hentry"],"_hostinger_reach_plugin_has_subscription_block":false,"_hostinger_reach_plugin_is_elementor":false,"_links":{"self":[{"href":"https:\/\/lorennarealestate.com\/en\/wp-json\/wp\/v2\/pages\/8242","targetHints":{"allow":["GET"]}}],"collection":[{"href":"https:\/\/lorennarealestate.com\/en\/wp-json\/wp\/v2\/pages"}],"about":[{"href":"https:\/\/lorennarealestate.com\/en\/wp-json\/wp\/v2\/types\/page"}],"author":[{"embeddable":true,"href":"https:\/\/lorennarealestate.com\/en\/wp-json\/wp\/v2\/users\/1"}],"replies":[{"embeddable":true,"href":"https:\/\/lorennarealestate.com\/en\/wp-json\/wp\/v2\/comments?post=8242"}],"version-history":[{"count":39,"href":"https:\/\/lorennarealestate.com\/en\/wp-json\/wp\/v2\/pages\/8242\/revisions"}],"predecessor-version":[{"id":8305,"href":"https:\/\/lorennarealestate.com\/en\/wp-json\/wp\/v2\/pages\/8242\/revisions\/8305"}],"wp:attachment":[{"href":"https:\/\/lorennarealestate.com\/en\/wp-json\/wp\/v2\/media?parent=8242"}],"curies":[{"name":"wp","href":"https:\/\/api.w.org\/{rel}","templated":true}]}}