{"id":8306,"date":"2026-04-12T03:06:36","date_gmt":"2026-04-12T01:06:36","guid":{"rendered":"https:\/\/lorennarealestate.com\/?page_id=8306"},"modified":"2026-04-12T03:19:37","modified_gmt":"2026-04-12T01:19:37","slug":"administracion-de-propiedad","status":"publish","type":"page","link":"https:\/\/lorennarealestate.com\/en\/administracion-de-propiedad\/","title":{"rendered":"Administraci\u00f3n de Propiedad"},"content":{"rendered":"\t\t<div data-elementor-type=\"wp-page\" data-elementor-id=\"8306\" class=\"elementor elementor-8306\" data-elementor-post-type=\"page\">\n\t\t\t\t<div class=\"elementor-element elementor-element-7acddf5 e-flex e-con-boxed e-con e-parent\" data-id=\"7acddf5\" data-element_type=\"container\" data-e-type=\"container\" data-settings=\"{&quot;background_background&quot;:&quot;slideshow&quot;,&quot;background_slideshow_gallery&quot;:[{&quot;id&quot;:8308,&quot;url&quot;:&quot;https:\\\/\\\/lorennarealestate.com\\\/wp-content\\\/uploads\\\/2026\\\/04\\\/propety-management-scaled.png&quot;}],&quot;background_slideshow_loop&quot;:&quot;yes&quot;,&quot;background_slideshow_slide_duration&quot;:5000,&quot;background_slideshow_slide_transition&quot;:&quot;fade&quot;,&quot;background_slideshow_transition_duration&quot;:500}\">\n\t\t\t\t\t<div class=\"e-con-inner\">\n\t\t<div class=\"elementor-element elementor-element-b33e253 e-con-full e-flex e-con e-child\" data-id=\"b33e253\" data-element_type=\"container\" data-e-type=\"container\">\n\t\t<div class=\"elementor-element elementor-element-2c3974e e-con-full e-flex e-con e-child\" data-id=\"2c3974e\" data-element_type=\"container\" data-e-type=\"container\">\n\t\t\t\t<\/div>\n\t\t\t\t<div class=\"elementor-element elementor-element-5531229 elementor-widget elementor-widget-heading\" data-id=\"5531229\" data-element_type=\"widget\" data-e-type=\"widget\" data-widget_type=\"heading.default\">\n\t\t\t\t\t<h1 class=\"elementor-heading-title elementor-size-default\">ADMINISTRAMOS TU PROPIEDAD POR TI<\/h1>\t\t\t\t<\/div>\n\t\t\t\t<\/div>\n\t\t<div class=\"elementor-element elementor-element-94ae50b e-con-full e-flex e-con e-child\" data-id=\"94ae50b\" data-element_type=\"container\" data-e-type=\"container\">\n\t\t\t\t<div class=\"elementor-element elementor-element-1385ff5 elementor-widget elementor-widget-text-editor\" data-id=\"1385ff5\" data-element_type=\"widget\" data-e-type=\"widget\" data-widget_type=\"text-editor.default\">\n\t\t\t\t\t\t\t\t\t<div class=\"flex flex-col text-sm pb-25\"><section class=\"text-token-text-primary w-full focus:outline-none [--shadow-height:45px] has-data-writing-block:pointer-events-none has-data-writing-block:-mt-(--shadow-height) has-data-writing-block:pt-(--shadow-height) [&amp;:has([data-writing-block])&gt;*]:pointer-events-auto scroll-mt-[calc(var(--header-height)+min(200px,max(70px,20svh)))]\" dir=\"auto\" data-turn-id=\"request-WEB:6c5d3326-447d-4d99-9121-8e489ea4ce64-25\" data-testid=\"conversation-turn-14\" data-scroll-anchor=\"true\" data-turn=\"assistant\"><div class=\"text-base my-auto mx-auto pb-10 [--thread-content-margin:var(--thread-content-margin-xs,calc(var(--spacing)*4))] @w-sm\/main:[--thread-content-margin:var(--thread-content-margin-sm,calc(var(--spacing)*6))] @w-lg\/main:[--thread-content-margin:var(--thread-content-margin-lg,calc(var(--spacing)*16))] px-(--thread-content-margin)\"><div class=\"[--thread-content-max-width:40rem] @w-lg\/main:[--thread-content-max-width:48rem] mx-auto max-w-(--thread-content-max-width) flex-1 group\/turn-messages focus-visible:outline-hidden relative flex w-full min-w-0 flex-col agent-turn\"><div class=\"flex max-w-full flex-col gap-4 grow\"><div class=\"min-h-8 text-message relative flex w-full flex-col items-end gap-2 text-start break-words whitespace-normal outline-none keyboard-focused:focus-ring [.text-message+&amp;]:mt-1\" dir=\"auto\" tabindex=\"0\" data-message-author-role=\"assistant\" data-message-id=\"d9144561-e6aa-42b1-b222-0062ce20725e\" data-message-model-slug=\"gpt-5-3\" data-turn-start-message=\"true\"><div class=\"flex w-full flex-col gap-1 empty:hidden\"><div class=\"markdown prose dark:prose-invert w-full wrap-break-word dark markdown-new-styling\"><p data-start=\"107\" data-end=\"309\" data-is-last-node=\"\" data-is-only-node=\"\">Nos encargamos de la gesti\u00f3n completa de tu propiedad en Panam\u00e1, incluyendo alquileres, atenci\u00f3n a inquilinos, mantenimiento y control de pagos. T\u00fa recibes los beneficios, nosotros nos ocupamos de todo.<\/p><\/div><\/div><\/div><\/div><\/div><\/div><\/section><\/div>\t\t\t\t\t\t\t\t<\/div>\n\t\t<div class=\"elementor-element elementor-element-ad24be5 e-con-full e-flex e-con e-child\" data-id=\"ad24be5\" data-element_type=\"container\" data-e-type=\"container\">\n\t\t\t\t<div class=\"elementor-element elementor-element-37c4f17 elementor-widget elementor-widget-button\" data-id=\"37c4f17\" data-element_type=\"widget\" data-e-type=\"widget\" data-widget_type=\"button.default\">\n\t\t\t\t\t\t\t\t\t\t<a class=\"elementor-button elementor-button-link elementor-size-sm elementor-animation-shrink\" href=\"#form-admin\">\n\t\t\t\t\t\t<span class=\"elementor-button-content-wrapper\">\n\t\t\t\t\t\t\t\t\t<span class=\"elementor-button-text\">Contact\u00e1nos<\/span>\n\t\t\t\t\t<\/span>\n\t\t\t\t\t<\/a>\n\t\t\t\t\t\t\t\t<\/div>\n\t\t<div class=\"elementor-element elementor-element-e0ebb58 e-con-full e-flex e-con e-child\" data-id=\"e0ebb58\" data-element_type=\"container\" data-e-type=\"container\">\n\t\t\t\t<\/div>\n\t\t\t\t<\/div>\n\t\t\t\t<\/div>\n\t\t\t\t\t<\/div>\n\t\t\t\t<\/div>\n\t\t<div class=\"elementor-element elementor-element-de1fcb8 e-flex e-con-boxed elementor-invisible e-con e-parent\" data-id=\"de1fcb8\" data-element_type=\"container\" data-e-type=\"container\" data-settings=\"{&quot;animation&quot;:&quot;slideInUp&quot;}\">\n\t\t\t\t\t<div class=\"e-con-inner\">\n\t\t<div class=\"elementor-element elementor-element-7c4256f e-con-full e-flex e-con e-child\" data-id=\"7c4256f\" data-element_type=\"container\" data-e-type=\"container\">\n\t\t\t\t<div class=\"elementor-element elementor-element-ebd2876 elementor-widget elementor-widget-luxus-info-box\" data-id=\"ebd2876\" data-element_type=\"widget\" data-e-type=\"widget\" data-widget_type=\"luxus-info-box.default\">\n\t\t\t\t<div class=\"elementor-widget-container\">\n\t\t\t\t\t\t\t\t<div class=\"sl-info-box-container\">\n\t\t\t\n<div class=\"sl-info-box info-box-two\">\n        <h5 class=\"title\">Gesti\u00f3n Integral<\/h5>\n    <p class=\"text\">Todo bajo un mismo servicio.<\/p>\n    <div class=\"icon\"><i aria-hidden=\"true\" class=\"sl-icons sl-checked\"><\/i><\/div><\/div>\t\t\t<\/div>\n    \t\t\t\t\t<\/div>\n\t\t\t\t<\/div>\n\t\t\t\t<\/div>\n\t\t<div class=\"elementor-element elementor-element-d575140 e-con-full e-flex e-con e-child\" data-id=\"d575140\" data-element_type=\"container\" data-e-type=\"container\">\n\t\t\t\t<div class=\"elementor-element elementor-element-9855be1 elementor-widget elementor-widget-luxus-info-box\" data-id=\"9855be1\" data-element_type=\"widget\" data-e-type=\"widget\" data-widget_type=\"luxus-info-box.default\">\n\t\t\t\t<div class=\"elementor-widget-container\">\n\t\t\t\t\t\t\t\t<div class=\"sl-info-box-container\">\n\t\t\t\n<div class=\"sl-info-box info-box-two\">\n        <h5 class=\"title\">Control y Supervisi\u00f3n<\/h5>\n    <p class=\"text\">Seguimiento constante y detallado.<\/p>\n    <div class=\"icon\"><i aria-hidden=\"true\" class=\"sl-icons sl-eye\"><\/i><\/div><\/div>\t\t\t<\/div>\n    \t\t\t\t\t<\/div>\n\t\t\t\t<\/div>\n\t\t\t\t<\/div>\n\t\t<div class=\"elementor-element elementor-element-dad4a07 e-con-full e-flex e-con e-child\" data-id=\"dad4a07\" data-element_type=\"container\" data-e-type=\"container\">\n\t\t\t\t<div class=\"elementor-element elementor-element-e723d55 elementor-widget elementor-widget-luxus-info-box\" data-id=\"e723d55\" data-element_type=\"widget\" data-e-type=\"widget\" data-widget_type=\"luxus-info-box.default\">\n\t\t\t\t<div class=\"elementor-widget-container\">\n\t\t\t\t\t\t\t\t<div class=\"sl-info-box-container\">\n\t\t\t\n<div class=\"sl-info-box info-box-two\">\n        <h5 class=\"title\">Rentabilidad Garantizada<\/h5>\n    <p class=\"text\">Ingresos seguros y constantes.<\/p>\n    <div class=\"icon\"><i aria-hidden=\"true\" class=\"sl-icons sl-property-savings\"><\/i><\/div><\/div>\t\t\t<\/div>\n    \t\t\t\t\t<\/div>\n\t\t\t\t<\/div>\n\t\t\t\t<\/div>\n\t\t\t\t\t<\/div>\n\t\t\t\t<\/div>\n\t\t<div class=\"elementor-element elementor-element-89f9f44 e-flex e-con-boxed elementor-invisible e-con e-parent\" data-id=\"89f9f44\" data-element_type=\"container\" data-e-type=\"container\" data-settings=\"{&quot;animation&quot;:&quot;slideInUp&quot;}\">\n\t\t\t\t\t<div class=\"e-con-inner\">\n\t\t\t\t<div class=\"elementor-element elementor-element-60331f2 elementor-widget elementor-widget-heading\" data-id=\"60331f2\" data-element_type=\"widget\" data-e-type=\"widget\" data-widget_type=\"heading.default\">\n\t\t\t\t\t<h2 class=\"elementor-heading-title elementor-size-default\">NUESTROS SERVICIOS DE ADMINISTRACI\u00d3N<\/h2>\t\t\t\t<\/div>\n\t\t\t\t<div class=\"elementor-element elementor-element-8896902 elementor-widget elementor-widget-text-editor\" data-id=\"8896902\" data-element_type=\"widget\" data-e-type=\"widget\" data-widget_type=\"text-editor.default\">\n\t\t\t\t\t\t\t\t\t<p style=\"text-align: center;\">Gesti\u00f3n profesional enfocada en resultados y rentabilidad<\/p>\t\t\t\t\t\t\t\t<\/div>\n\t\t\t\t\t<\/div>\n\t\t\t\t<\/div>\n\t\t<div class=\"elementor-element elementor-element-155b878 e-flex e-con-boxed elementor-invisible e-con e-parent\" data-id=\"155b878\" data-element_type=\"container\" data-e-type=\"container\" data-settings=\"{&quot;animation&quot;:&quot;slideInUp&quot;}\">\n\t\t\t\t\t<div class=\"e-con-inner\">\n\t\t\t\t<div class=\"elementor-element elementor-element-8196ec2 elementor--h-position-center elementor--v-position-middle elementor-arrows-position-inside elementor-pagination-position-inside elementor-widget elementor-widget-slides\" data-id=\"8196ec2\" data-element_type=\"widget\" data-e-type=\"widget\" data-settings=\"{&quot;navigation&quot;:&quot;both&quot;,&quot;autoplay&quot;:&quot;yes&quot;,&quot;pause_on_hover&quot;:&quot;yes&quot;,&quot;pause_on_interaction&quot;:&quot;yes&quot;,&quot;autoplay_speed&quot;:5000,&quot;infinite&quot;:&quot;yes&quot;,&quot;transition&quot;:&quot;slide&quot;,&quot;transition_speed&quot;:500}\" data-widget_type=\"slides.default\">\n\t\t\t\t\t\t\t\t\t\t<div class=\"elementor-slides-wrapper elementor-main-swiper swiper\" role=\"region\" aria-roledescription=\"carousel\" aria-label=\"Servicios\" dir=\"ltr\" data-animation=\"fadeInUp\">\n\t\t\t\t<div class=\"swiper-wrapper elementor-slides\">\n\t\t\t\t\t\t\t\t\t\t<div class=\"elementor-repeater-item-afbeae0 swiper-slide\" role=\"group\" aria-roledescription=\"slide\"><div class=\"swiper-slide-bg\" role=\"img\" aria-label=\"propety management-3\"><\/div><div class=\"elementor-background-overlay\"><\/div><div class=\"swiper-slide-inner\" ><div class=\"swiper-slide-contents\"><div class=\"elementor-slide-heading\">Inspecci\u00f3n peri\u00f3dica<\/div><div class=\"elementor-slide-description\">Supervisi\u00f3n constante de propiedades en Panam\u00e1 para asegurar su buen estado y mantenimiento.<\/div><a href=\"https:\/\/lorennarealestate.com\/administracion-de-propiedad\/#form-admin\/\" class=\"elementor-button elementor-slide-button elementor-size-xs\">Cont\u00e1ctanos<\/a><\/div><\/div><\/div><div class=\"elementor-repeater-item-3cbe267 swiper-slide\" role=\"group\" aria-roledescription=\"slide\"><div class=\"swiper-slide-bg\" role=\"img\" aria-label=\"propety management-5\"><\/div><div class=\"elementor-background-overlay\"><\/div><div class=\"swiper-slide-inner\" ><div class=\"swiper-slide-contents\"><div class=\"elementor-slide-heading\">Mantenimiento de propiedades<\/div><div class=\"elementor-slide-description\">Servicios de mantenimiento preventivo y correctivo para proteger tu inversi\u00f3n inmobiliaria.<\/div><a href=\"https:\/\/lorennarealestate.com\/administracion-de-propiedad\/#form-admin\/\" class=\"elementor-button elementor-slide-button elementor-size-xs\">Cont\u00e1ctanos<\/a><\/div><\/div><\/div><div class=\"elementor-repeater-item-b2ab6a7 swiper-slide\" role=\"group\" aria-roledescription=\"slide\"><div class=\"swiper-slide-bg\" role=\"img\" aria-label=\"propety management-2\"><\/div><div class=\"elementor-background-overlay\"><\/div><div class=\"swiper-slide-inner\" ><div class=\"swiper-slide-contents\"><div class=\"elementor-slide-heading\">Cobro y control de pagos<\/div><div class=\"elementor-slide-description\">Gesti\u00f3n eficiente de cobros de alquiler y control de pagos puntuales para propietarios.<\/div><a href=\"https:\/\/lorennarealestate.com\/administracion-de-propiedad\/#form-admin\/\" class=\"elementor-button elementor-slide-button elementor-size-xs\">Contact\u00e1nos<\/a><\/div><\/div><\/div><div class=\"elementor-repeater-item-7a2b835 swiper-slide\" role=\"group\" aria-roledescription=\"slide\"><div class=\"swiper-slide-bg\" role=\"img\" aria-label=\"propety management\"><\/div><div class=\"elementor-background-overlay\"><\/div><a class=\"swiper-slide-inner\" href=\"https:\/\/lorennarealestate.com\/administracion-de-propiedad\/#form-admin\/\"><div class=\"swiper-slide-contents\"><div class=\"elementor-slide-heading\">Administraci\u00f3n de contratos<\/div><div class=\"elementor-slide-description\">Redacci\u00f3n y gesti\u00f3n de contratos de alquiler en Panam\u00e1, garantizando seguridad legal y cumplimiento.<\/div><div  class=\"elementor-button elementor-slide-button elementor-size-xs\">Cont\u00e1ctanos<\/div><\/div><\/a><\/div>\t\t\t\t<\/div>\n\t\t\t\t\t\t\t\t\t\t\t\t\t\t\t<div class=\"elementor-swiper-button elementor-swiper-button-prev\" role=\"button\" tabindex=\"0\" aria-label=\"Previous slide\">\n\t\t\t\t\t\t\t<svg aria-hidden=\"true\" class=\"e-font-icon-svg e-eicon-chevron-left\" viewBox=\"0 0 1000 1000\" xmlns=\"http:\/\/www.w3.org\/2000\/svg\"><path d=\"M646 125C629 125 613 133 604 142L308 442C296 454 292 471 292 487 292 504 296 521 308 533L604 854C617 867 629 875 646 875 663 875 679 871 692 858 704 846 713 829 713 812 713 796 708 779 692 767L438 487 692 225C700 217 708 204 708 187 708 171 704 154 692 142 675 129 663 125 646 125Z\"><\/path><\/svg>\t\t\t\t\t\t<\/div>\n\t\t\t\t\t\t<div class=\"elementor-swiper-button elementor-swiper-button-next\" role=\"button\" tabindex=\"0\" aria-label=\"Next slide\">\n\t\t\t\t\t\t\t<svg aria-hidden=\"true\" class=\"e-font-icon-svg e-eicon-chevron-right\" viewBox=\"0 0 1000 1000\" xmlns=\"http:\/\/www.w3.org\/2000\/svg\"><path d=\"M696 533C708 521 713 504 713 487 713 471 708 454 696 446L400 146C388 133 375 125 354 125 338 125 325 129 313 142 300 154 292 171 292 187 292 204 296 221 308 233L563 492 304 771C292 783 288 800 288 817 288 833 296 850 308 863 321 871 338 875 354 875 371 875 388 867 400 854L696 533Z\"><\/path><\/svg>\t\t\t\t\t\t<\/div>\n\t\t\t\t\t\t\t\t\t\t\t\t\t\t\t\t<div class=\"swiper-pagination\"><\/div>\n\t\t\t\t\t\t\t\t\t\t\t\t<\/div>\n\t\t\t\t\t\t\t\t<\/div>\n\t\t\t\t\t<\/div>\n\t\t\t\t<\/div>\n\t\t<div class=\"elementor-element elementor-element-a639850 e-flex e-con-boxed e-con e-parent\" data-id=\"a639850\" data-element_type=\"container\" data-e-type=\"container\" id=\"form-admin\" data-settings=\"{&quot;animation&quot;:&quot;none&quot;}\">\n\t\t\t\t\t<div class=\"e-con-inner\">\n\t\t<div class=\"elementor-element elementor-element-b786a59 e-con-full e-flex e-con e-child\" data-id=\"b786a59\" data-element_type=\"container\" data-e-type=\"container\">\n\t\t\t\t<\/div>\n\t\t<div class=\"elementor-element elementor-element-a06bd78 e-con-full e-flex e-con e-child\" data-id=\"a06bd78\" data-element_type=\"container\" data-e-type=\"container\">\n\t\t\t\t<div class=\"elementor-element elementor-element-a450cc7 elementor-widget elementor-widget-heading\" data-id=\"a450cc7\" data-element_type=\"widget\" data-e-type=\"widget\" data-widget_type=\"heading.default\">\n\t\t\t\t\t<h2 class=\"elementor-heading-title elementor-size-default\">Contact\u00e1nos<\/h2>\t\t\t\t<\/div>\n\t\t\t\t<div class=\"elementor-element elementor-element-c3a72e9 elementor-button-align-stretch elementor-widget elementor-widget-form\" data-id=\"c3a72e9\" data-element_type=\"widget\" data-e-type=\"widget\" data-settings=\"{&quot;step_next_label&quot;:&quot;Next&quot;,&quot;step_previous_label&quot;:&quot;Previous&quot;,&quot;button_width&quot;:&quot;100&quot;,&quot;step_type&quot;:&quot;number_text&quot;,&quot;step_icon_shape&quot;:&quot;circle&quot;}\" data-widget_type=\"form.default\">\n\t\t\t\t\t\t\t<form class=\"elementor-form\" method=\"post\" id=\"consulta_admin_property\" name=\"contacto-admin-prop\" aria-label=\"contacto-admin-prop\">\n\t\t\t<input type=\"hidden\" name=\"post_id\" value=\"8306\"\/>\n\t\t\t<input type=\"hidden\" name=\"form_id\" value=\"c3a72e9\"\/>\n\t\t\t<input type=\"hidden\" name=\"referer_title\" value=\"Administraci\u00f3n de Propiedad\" \/>\n\n\t\t\t\t\t\t\t<input type=\"hidden\" name=\"queried_id\" value=\"8306\"\/>\n\t\t\t\n\t\t\t<div class=\"elementor-form-fields-wrapper elementor-labels-above\">\n\t\t\t\t\t\t\t\t<div class=\"elementor-field-type-text elementor-field-group elementor-column elementor-field-group-name elementor-col-100 elementor-field-required elementor-mark-required\">\n\t\t\t\t\t\t\t\t\t\t\t\t<label for=\"form-field-name\" class=\"elementor-field-label\">\n\t\t\t\t\t\t\t\tNombre Completo\t\t\t\t\t\t\t<\/label>\n\t\t\t\t\t\t\t\t\t\t\t\t\t\t<input size=\"1\" type=\"text\" name=\"form_fields[name]\" id=\"form-field-name\" class=\"elementor-field elementor-size-sm  elementor-field-textual\" required=\"required\">\n\t\t\t\t\t\t\t\t\t\t\t<\/div>\n\t\t\t\t\t\t\t\t<div class=\"elementor-field-type-tel elementor-field-group elementor-column elementor-field-group-field_c3aefc3 elementor-col-100 elementor-field-required elementor-mark-required\">\n\t\t\t\t\t\t\t\t\t\t\t\t<label for=\"form-field-field_c3aefc3\" class=\"elementor-field-label\">\n\t\t\t\t\t\t\t\tTel\u00e9fono\t\t\t\t\t\t\t<\/label>\n\t\t\t\t\t\t\t\t<input size=\"1\" type=\"tel\" name=\"form_fields[field_c3aefc3]\" id=\"form-field-field_c3aefc3\" class=\"elementor-field elementor-size-sm  elementor-field-textual\" required=\"required\" pattern=\"[0-9()#&amp;+*-=.]+\" title=\"Only numbers and phone characters (#, -, *, etc) are accepted.\">\n\n\t\t\t\t\t\t<\/div>\n\t\t\t\t\t\t\t\t<div class=\"elementor-field-type-email elementor-field-group elementor-column elementor-field-group-email elementor-col-100 elementor-field-required elementor-mark-required\">\n\t\t\t\t\t\t\t\t\t\t\t\t<label for=\"form-field-email\" class=\"elementor-field-label\">\n\t\t\t\t\t\t\t\tCorreo\t\t\t\t\t\t\t<\/label>\n\t\t\t\t\t\t\t\t\t\t\t\t\t\t<input size=\"1\" type=\"email\" name=\"form_fields[email]\" id=\"form-field-email\" class=\"elementor-field elementor-size-sm  elementor-field-textual\" required=\"required\">\n\t\t\t\t\t\t\t\t\t\t\t<\/div>\n\t\t\t\t\t\t\t\t<div class=\"elementor-field-type-textarea elementor-field-group elementor-column elementor-field-group-message elementor-col-100 elementor-field-required elementor-mark-required\">\n\t\t\t\t\t\t\t\t\t\t\t\t<label for=\"form-field-message\" class=\"elementor-field-label\">\n\t\t\t\t\t\t\t\tConsulta\t\t\t\t\t\t\t<\/label>\n\t\t\t\t\t\t<textarea class=\"elementor-field-textual elementor-field  elementor-size-sm\" name=\"form_fields[message]\" id=\"form-field-message\" rows=\"4\" required=\"required\"><\/textarea>\t\t\t\t<\/div>\n\t\t\t\t\t\t\t\t<div class=\"elementor-field-type-recaptcha_v3 elementor-field-group elementor-column elementor-field-group-field_81a4cb3 elementor-col-100 recaptcha_v3-inline\">\n\t\t\t\t\t<div class=\"elementor-field\" id=\"form-field-field_81a4cb3\"><div class=\"elementor-g-recaptcha\" data-sitekey=\"6Ld8XqksAAAAAMnnWUV_fu10vcrYOUepQFP4Ybl8\" data-type=\"v3\" data-action=\"Form\" data-badge=\"inline\" data-size=\"invisible\"><\/div><\/div>\t\t\t\t<\/div>\n\t\t\t\t\t\t\t\t<div class=\"elementor-field-group elementor-column elementor-field-type-submit elementor-col-100 e-form__buttons\">\n\t\t\t\t\t<button class=\"elementor-button elementor-size-sm elementor-animation-shrink\" type=\"submit\">\n\t\t\t\t\t\t<span class=\"elementor-button-content-wrapper\">\n\t\t\t\t\t\t\t\t\t\t\t\t\t\t\t\t\t\t\t\t\t\t<span class=\"elementor-button-text\">Enviar<\/span>\n\t\t\t\t\t\t\t\t\t\t\t\t\t<\/span>\n\t\t\t\t\t<\/button>\n\t\t\t\t<\/div>\n\t\t\t<\/div>\n\t\t<\/form>\n\t\t\t\t\t\t<\/div>\n\t\t\t\t<\/div>\n\t\t<div class=\"elementor-element elementor-element-deac961 e-con-full e-flex e-con e-child\" data-id=\"deac961\" data-element_type=\"container\" data-e-type=\"container\">\n\t\t\t\t<\/div>\n\t\t\t\t\t<\/div>\n\t\t\t\t<\/div>\n\t\t<div class=\"elementor-element elementor-element-8a2f92e e-flex e-con-boxed elementor-invisible e-con e-parent\" data-id=\"8a2f92e\" data-element_type=\"container\" data-e-type=\"container\" data-settings=\"{&quot;background_background&quot;:&quot;slideshow&quot;,&quot;background_slideshow_gallery&quot;:[{&quot;id&quot;:8317,&quot;url&quot;:&quot;https:\\\/\\\/lorennarealestate.com\\\/wp-content\\\/uploads\\\/2026\\\/04\\\/propety-management-6-scaled.jpg&quot;}],&quot;animation&quot;:&quot;slideInUp&quot;,&quot;background_slideshow_loop&quot;:&quot;yes&quot;,&quot;background_slideshow_slide_duration&quot;:5000,&quot;background_slideshow_slide_transition&quot;:&quot;fade&quot;,&quot;background_slideshow_transition_duration&quot;:500}\">\n\t\t\t\t\t<div class=\"e-con-inner\">\n\t\t<div class=\"elementor-element elementor-element-8706d21 e-con-full e-flex e-con e-child\" data-id=\"8706d21\" data-element_type=\"container\" data-e-type=\"container\">\n\t\t\t\t<\/div>\n\t\t<div class=\"elementor-element elementor-element-e5be4e9 e-con-full e-flex e-con e-child\" data-id=\"e5be4e9\" data-element_type=\"container\" data-e-type=\"container\">\n\t\t\t\t<div class=\"elementor-element elementor-element-c170544 elementor-widget elementor-widget-heading\" data-id=\"c170544\" data-element_type=\"widget\" data-e-type=\"widget\" data-widget_type=\"heading.default\">\n\t\t\t\t\t<h3 class=\"elementor-heading-title elementor-size-default\">Administraci\u00f3n de Propiedades en Panam\u00e1 | Lorenna Real Estate\n<\/h3>\t\t\t\t<\/div>\n\t\t\t\t<\/div>\n\t\t<div class=\"elementor-element elementor-element-68c433b e-con-full e-flex e-con e-child\" data-id=\"68c433b\" data-element_type=\"container\" data-e-type=\"container\">\n\t\t\t\t<div class=\"elementor-element elementor-element-caaa74c elementor-widget elementor-widget-text-editor\" data-id=\"caaa74c\" data-element_type=\"widget\" data-e-type=\"widget\" data-widget_type=\"text-editor.default\">\n\t\t\t\t\t\t\t\t\t<p data-start=\"192\" data-end=\"494\">En Lorenna Real Estate ofrecemos servicios de administraci\u00f3n de propiedades en Panam\u00e1 enfocados en maximizar tu rentabilidad y brindarte total tranquilidad. Nos encargamos de la gesti\u00f3n de alquileres, selecci\u00f3n de inquilinos, cobro y control de pagos, as\u00ed como la supervisi\u00f3n constante de tu propiedad.<\/p><p data-start=\"496\" data-end=\"737\">Nuestro equipo gestiona cada detalle, incluyendo mantenimiento preventivo y correctivo, inspecciones peri\u00f3dicas y administraci\u00f3n de contratos de alquiler, asegurando el buen estado de tu inversi\u00f3n y el cumplimiento de todas las obligaciones.<\/p><p data-start=\"739\" data-end=\"903\">Ya sea que tengas una propiedad residencial o de inversi\u00f3n, en Lorenna Real Estate optimizamos su rendimiento con una gesti\u00f3n profesional, eficiente y transparente.<\/p><p data-start=\"905\" data-end=\"1027\">Conf\u00eda en Lorenna Real Estate para administrar tu propiedad en Panam\u00e1 con seguridad, experiencia y resultados comprobados.<\/p>\t\t\t\t\t\t\t\t<\/div>\n\t\t\t\t<\/div>\n\t\t<div class=\"elementor-element elementor-element-6c88bee e-con-full e-flex e-con e-child\" data-id=\"6c88bee\" data-element_type=\"container\" data-e-type=\"container\">\n\t\t\t\t<div class=\"elementor-element elementor-element-40b8c89 elementor-widget elementor-widget-button\" data-id=\"40b8c89\" data-element_type=\"widget\" data-e-type=\"widget\" data-widget_type=\"button.default\">\n\t\t\t\t\t\t\t\t\t\t<a class=\"elementor-button elementor-button-link elementor-size-sm\" href=\"#form-admin\">\n\t\t\t\t\t\t<span class=\"elementor-button-content-wrapper\">\n\t\t\t\t\t\t\t\t\t<span class=\"elementor-button-text\">Contact\u00e1nos<\/span>\n\t\t\t\t\t<\/span>\n\t\t\t\t\t<\/a>\n\t\t\t\t\t\t\t\t<\/div>\n\t\t\t\t<\/div>\n\t\t<div class=\"elementor-element elementor-element-805b129 e-con-full e-flex e-con e-child\" data-id=\"805b129\" data-element_type=\"container\" data-e-type=\"container\">\n\t\t\t\t<\/div>\n\t\t\t\t\t<\/div>\n\t\t\t\t<\/div>\n\t\t\t\t<\/div>\n\t\t","protected":false},"excerpt":{"rendered":"<p>ADMINISTRAMOS TU PROPIEDAD POR TI Nos encargamos de la gesti\u00f3n completa de tu propiedad en Panam\u00e1, incluyendo alquileres, atenci\u00f3n a inquilinos, mantenimiento y control de pagos. T\u00fa recibes los beneficios, nosotros nos ocupamos de todo. Contact\u00e1nos Gesti\u00f3n Integral Todo bajo un mismo servicio. Control y Supervisi\u00f3n Seguimiento constante y detallado. Rentabilidad Garantizada Ingresos seguros y [&hellip;]<\/p>\n","protected":false},"author":1,"featured_media":0,"parent":0,"menu_order":0,"comment_status":"closed","ping_status":"closed","template":"elementor_header_footer","meta":{"footnotes":""},"class_list":["post-8306","page","type-page","status-publish","hentry"],"_hostinger_reach_plugin_has_subscription_block":false,"_hostinger_reach_plugin_is_elementor":false,"_links":{"self":[{"href":"https:\/\/lorennarealestate.com\/en\/wp-json\/wp\/v2\/pages\/8306","targetHints":{"allow":["GET"]}}],"collection":[{"href":"https:\/\/lorennarealestate.com\/en\/wp-json\/wp\/v2\/pages"}],"about":[{"href":"https:\/\/lorennarealestate.com\/en\/wp-json\/wp\/v2\/types\/page"}],"author":[{"embeddable":true,"href":"https:\/\/lorennarealestate.com\/en\/wp-json\/wp\/v2\/users\/1"}],"replies":[{"embeddable":true,"href":"https:\/\/lorennarealestate.com\/en\/wp-json\/wp\/v2\/comments?post=8306"}],"version-history":[{"count":15,"href":"https:\/\/lorennarealestate.com\/en\/wp-json\/wp\/v2\/pages\/8306\/revisions"}],"predecessor-version":[{"id":8332,"href":"https:\/\/lorennarealestate.com\/en\/wp-json\/wp\/v2\/pages\/8306\/revisions\/8332"}],"wp:attachment":[{"href":"https:\/\/lorennarealestate.com\/en\/wp-json\/wp\/v2\/media?parent=8306"}],"curies":[{"name":"wp","href":"https:\/\/api.w.org\/{rel}","templated":true}]}}